{"id":29014,"date":"2024-01-17T19:32:31","date_gmt":"2024-01-17T17:32:31","guid":{"rendered":"https:\/\/hpwords.com\/?page_id=29014"},"modified":"2024-09-18T21:43:50","modified_gmt":"2024-09-18T19:43:50","slug":"okresy","status":"publish","type":"page","link":"https:\/\/principle.study\/pl\/bz\/okresy\/","title":{"rendered":"Rozdzia\u0142 3. Okresy w Historii Opatrzno\u015bci i czas ich trwania"},"content":{"rendered":"<p class=\"has-larger-font-size\"><span class=\"wp-block-scf-block-scf-gutenberg scf-content-chunk\" data-scf=\"&#54620;&#44397;&#50612;,Czerwone,Niebieskie,&#379;&oacute;&#322;te,\"><b>&#51228;3&#51109; <a href=\"https:\/\/principle.study\/pl\/words\/seomni\/\" target=\"_blank\" title=\"opatrzno&#347;&#263; &ndash; &#25885;&#29702; [seomni] Etymologia &#25885; (&#49453;) [seom] &ndash; zarz&#261;dza&#263;; &#29702; (&#47532;) [ri] &ndash; rozum, logika;\" class=\"encyclopedia\">&#49453;&#47532;<\/a><a href=\"https:\/\/principle.study\/pl\/words\/yeoksa\/\" target=\"_blank\" title=\"historia &ndash; &#27511;&#21490; [joksa] Etymologia &#27511; (&#50669;) [jok] &ndash; i&#347;&#263; przez; &#21490; (&#49324;) [sa] &ndash; historia;\" class=\"encyclopedia\">&#50669;&#49324;<\/a>&#51032; &#44033; <a href=\"https:\/\/principle.study\/pl\/words\/shidae\/\" target=\"_blank\" title=\"epoka, wiek, okres &ndash; &#26178;&#20195; [szide] Etymologia &#26178; (&#49884;) [szi] &ndash; czas, godzina, era, wiek; &#20195; (&#45824;) [de] &ndash; zamieni&#263;;\" class=\"encyclopedia\">&#49884;&#45824;<\/a>&#50752; &#44536; <a href=\"https:\/\/principle.study\/pl\/words\/yeonsu\/\" target=\"_blank\" title=\"liczba lat - &#63886;&#25976; [jonsu] Etymologia &#63886; (&#50672;) [jon] &ndash; rok; &#25976; (&#49688;) [su] &ndash; liczba; sta&#322;a ilo&#347;&#263;;\" class=\"encyclopedia\">&#50672;&#49688;<\/a>&#51032; &#54805;&#49457;<\/b><\/span><\/p>\n<p><span class=\"wp-block-scf-block-scf-gutenberg scf-content-chunk\" data-scf=\"&#54620;&#44397;&#50612;,Czerwone,Niebieskie,&#379;&oacute;&#322;te,\"><br><\/span><\/p>\n\n\n\n<p style=\"line-height: 2;\">\n<a href=\"\/pl\/bz\/okresy\/opatrznosciowe-okresy-tozsamosci-czasu\/\"><b>Cz&#281;&#347;&#263; 1. Opatrzno&#347;ciowe okresy to&#380;samo&#347;ci czasu<\/b><\/a><br><br><a href=\"\/pl\/bz\/okresy\/liczba-pokolen-lub-lat-w-poszczegolnych-okresach\/\"><b>Cz&#281;&#347;&#263; 2. Liczba pokole&#324; lub lat w poszczeg&oacute;lnych okresach opatrzno&#347;ciowej epoki ustanawiania podstawy dla odnowy<\/b><\/a><br><a href=\"\/pl\/bz\/okresy\/liczba-pokolen-lub-lat-w-poszczegolnych-okresach\/#dp2-3.2.1\">2.1 Jak i dlaczego opatrzno&#347;&#263; odnowy ulega przed&#322;u&#380;eniu<\/a><br><a href=\"\/pl\/bz\/okresy\/liczba-pokolen-lub-lat-w-poszczegolnych-okresach\/#dp2-3.2.2\">2.2 Wertykalne warunki odszkodowania i horyzontalna odnowa przez odszkodowanie<\/a><br><a href=\"\/pl\/bz\/okresy\/liczba-pokolen-lub-lat-w-poszczegolnych-okresach\/#dp2-3.2.3\">2.3 Horyzontalna odnowa przez odszkodowanie dokonywana wertykalnie<\/a><br><a href=\"\/pl\/bz\/okresy\/liczba-pokolen-lub-lat-w-poszczegolnych-okresach\/#dp2-3.2.4\">2.4 Liczbowe okresy odszkodowania dla odnowy Podstawy Wiary<\/a><br><a href=\"\/pl\/bz\/okresy\/liczba-pokolen-lub-lat-w-poszczegolnych-okresach\/#dp2-3.2.5\">2.5 Opatrzno&#347;ciowe okresy to&#380;samo&#347;ci czasu okre&#347;lone liczb&#261; pokole&#324;<\/a><br><a href=\"\/pl\/bz\/okresy\/liczba-pokolen-lub-lat-w-poszczegolnych-okresach\/#dp2-3.2.6\">2.6 Opatrzno&#347;ciowe okresy horyzontalnej odnowy przez odszkodowanie wype&#322;niane w spos&oacute;b wertykalny<\/a><br><br><a href=\"\/pl\/bz\/okresy\/okresy-w-epoce-opatrznosci-odnowy\/\"><b>Cz&#281;&#347;&#263; 3. Okresy w epoce opatrzno&#347;ci odnowy i czas ich trwania<\/b><\/a><br><a href=\"\/pl\/bz\/okresy\/okresy-w-epoce-opatrznosci-odnowy\/#dp2-3.3.1\">3.1 Czterystuletni okres niewoli w Egipcie<\/a><br><a href=\"\/pl\/bz\/okresy\/okresy-w-epoce-opatrznosci-odnowy\/#dp2-3.3.2\">3.2 Czterystuletni okres S&#281;dzi&oacute;w<\/a><br><a href=\"\/pl\/bz\/okresy\/okresy-w-epoce-opatrznosci-odnowy\/#dp2-3.3.3\">3.3 Stu dwudziestoletni okres Zjednoczonego Kr&oacute;lestwa<\/a><br><a href=\"\/pl\/bz\/okresy\/okresy-w-epoce-opatrznosci-odnowy\/#dp2-3.3.4\">3.4 Czterystuletni okres podzielonych kr&oacute;lestw P&oacute;&#322;nocy i Po&#322;udnia<\/a><br><a href=\"\/pl\/bz\/okresy\/okresy-w-epoce-opatrznosci-odnowy\/#dp2-3.3.5\">3.5 Dwustudziesi&#281;cioletni okres wygnania i powrotu Izraela<\/a><br><a href=\"\/pl\/bz\/okresy\/okresy-w-epoce-opatrznosci-odnowy\/#dp2-3.3.6\">3.6 Czterystuletni okres przygotowania na przyj&#347;cie Mesjasza<\/a><br><br><a href=\"\/pl\/bz\/okresy\/okresy-w-epoce-przedluzonej-opatrznosci-odnowy\/\"><b>Cz&#281;&#347;&#263; 4. Okresy w epoce przed&#322;u&#380;onej opatrzno&#347;ci odnowy oraz czas ich trwania<\/b><\/a><br><a href=\"\/pl\/bz\/okresy\/okresy-w-epoce-przedluzonej-opatrznosci-odnowy\/#dp2-3.4.1\">4.1 Czterystuletni okres prze&#347;ladowania w Imperium Rzymskim<\/a><br><a href=\"\/pl\/bz\/okresy\/okresy-w-epoce-przedluzonej-opatrznosci-odnowy\/#dp2-3.4.2\">4.2 Czterystuletni okres regionalnego przyw&oacute;dztwa w Ko&#347;ciele<\/a><br><a href=\"\/pl\/bz\/okresy\/okresy-w-epoce-przedluzonej-opatrznosci-odnowy\/#dp2-3.4.3\">4.3 Stu dwudziestoletni okres Cesarstwa Chrze&#347;cija&#324;skiego<\/a><br><a href=\"\/pl\/bz\/okresy\/okresy-w-epoce-przedluzonej-opatrznosci-odnowy\/#dp2-3.4.4\">4.4 Czterystuletni okres podzielonych kr&oacute;lestw Wschodu i Zachodu<\/a><br><a href=\"\/pl\/bz\/okresy\/okresy-w-epoce-przedluzonej-opatrznosci-odnowy\/#dp2-3.4.5\">4.5 Dwustudziesi&#281;cioletni okres wygnania i powrotu papiestwa<\/a><br><a href=\"\/pl\/bz\/okresy\/okresy-w-epoce-przedluzonej-opatrznosci-odnowy\/#dp2-3.4.6\">4.6 Czterysta lat przygotowa&#324; na Powt&oacute;rne Przyj&#347;cie Mesjasza<\/a><br><br><a href=\"\/pl\/bz\/okresy\/okresy-w-epoce-przedluzonej-opatrznosci-odnowy\/#dp2-3.chart2\"><b>Diagram 2: Opatrzno&#347;ciowa to&#380;samo&#347;&#263; czasu<\/b><\/a><\/p>\n\n\n\n<hr class=\"wp-block-separator has-alpha-channel-opacity is-style-dots\"><p><div class=\"alignleft\"><a href=\"https:\/\/principle.study\/pl\/bz\/mojzesz-i-jezus\/opatrznosc-odnowy-pod-przywodztwem-jezusa\/\" title=\"Cz\u0119\u015b\u0107 3. Opatrzno\u015b\u0107 odnowy pod przyw\u00f3dztwem Jezusa\"><p style=\"font-size: 72px; text-align: center; margin-bottom: -32px;\">\u2190<\/p><br><p class=\"has-large-font-size\">Cz\u0119\u015b\u0107 3. Opatrzno\u015b\u0107 odnowy pod przyw\u00f3dztwem Jezusa<\/p><\/a><\/div> <div class=\"alignright\"><a href=\"https:\/\/principle.study\/pl\/bz\/okresy\/opatrznosciowe-okresy-tozsamosci-czasu\/\" title=\"Cz\u0119\u015b\u0107 1. Opatrzno\u015bciowe okresy to\u017csamo\u015bci czasu\"><p style=\"font-size: 72px; text-align: center; margin-bottom: -32px;\">\u2192<\/p><br><p class=\"has-large-font-size\">Cz\u0119\u015b\u0107 1. Opatrzno\u015bciowe okresy to\u017csamo\u015bci czasu<\/p><\/a><\/div><\/p>","protected":false},"excerpt":{"rendered":"<p>\uc81c3\uc7a5 \uc12d\ub9ac\uc5ed\uc0ac\uc758 \uac01 \uc2dc\ub300\uc640 \uadf8 \uc5f0\uc218\uc758 \ud615\uc131 Cz\u0119\u015b\u0107 1. Opatrzno\u015bciowe okresy to\u017csamo\u015bci czasu Cz\u0119\u015b\u0107 2. Liczba pokole\u0144 lub lat w poszczeg\u00f3lnych okresach opatrzno\u015bciowej epoki ustanawiania podstawy dla odnowy 2.1 Jak i dlaczego opatrzno\u015b\u0107 odnowy ulega przed\u0142u\u017ceniu 2.2 Wertykalne warunki odszkodowania i horyzontalna odnowa przez odszkodowanie 2.3 Horyzontalna odnowa przez odszkodowanie dokonywana wertykalnie 2.4 Liczbowe okresy&hellip;<\/p>\n","protected":false},"author":3,"featured_media":31642,"parent":25351,"menu_order":13,"comment_status":"closed","ping_status":"closed","template":"","meta":{"_acf_changed":false,"footnotes":""},"class_list":["post-29014","page","type-page","status-publish","has-post-thumbnail","hentry"],"acf":[],"yoast_head":"<!-- This site is optimized with the Yoast SEO plugin v26.8 - https:\/\/yoast.com\/product\/yoast-seo-wordpress\/ -->\n<title>Rozdzia\u0142 3. Okresy w Historii Opatrzno\u015bci i czas ich trwania - Przedstawienie Boskiej Zasady<\/title>\n<meta name=\"robots\" content=\"index, follow, max-snippet:-1, max-image-preview:large, max-video-preview:-1\" \/>\n<link rel=\"canonical\" href=\"https:\/\/principle.study\/pl\/bz\/okresy\/\" \/>\n<meta property=\"og:locale\" content=\"pl_PL\" \/>\n<meta property=\"og:type\" content=\"article\" \/>\n<meta property=\"og:title\" content=\"Rozdzia\u0142 3. Okresy w Historii Opatrzno\u015bci i czas ich trwania - Przedstawienie Boskiej Zasady\" \/>\n<meta property=\"og:description\" content=\"\uc81c3\uc7a5 \uc12d\ub9ac\uc5ed\uc0ac\uc758 \uac01 \uc2dc\ub300\uc640 \uadf8 \uc5f0\uc218\uc758 \ud615\uc131 Cz\u0119\u015b\u0107 1. Opatrzno\u015bciowe okresy to\u017csamo\u015bci czasu Cz\u0119\u015b\u0107 2. Liczba pokole\u0144 lub lat w poszczeg\u00f3lnych okresach opatrzno\u015bciowej epoki ustanawiania podstawy dla odnowy 2.1 Jak i dlaczego opatrzno\u015b\u0107 odnowy ulega przed\u0142u\u017ceniu 2.2 Wertykalne warunki odszkodowania i horyzontalna odnowa przez odszkodowanie 2.3 Horyzontalna odnowa przez odszkodowanie dokonywana wertykalnie 2.4 Liczbowe okresy&hellip;\" \/>\n<meta property=\"og:url\" content=\"https:\/\/principle.study\/pl\/bz\/okresy\/\" \/>\n<meta property=\"og:site_name\" content=\"Badanie i praktyka Zasady\" \/>\n<meta property=\"article:publisher\" content=\"https:\/\/www.facebook.com\/people\/--\/100071895999577\/\" \/>\n<meta property=\"article:modified_time\" content=\"2024-09-18T19:43:50+00:00\" \/>\n<meta property=\"og:image\" content=\"https:\/\/principle.study\/wp-content\/uploads\/2024\/02\/3-0-pl-periods-in-providential-history.png\" \/>\n\t<meta property=\"og:image:width\" content=\"1200\" \/>\n\t<meta property=\"og:image:height\" content=\"630\" \/>\n\t<meta property=\"og:image:type\" content=\"image\/png\" \/>\n<meta name=\"twitter:card\" content=\"summary_large_image\" \/>\n<script type=\"application\/ld+json\" class=\"yoast-schema-graph\">{\"@context\":\"https:\/\/schema.org\",\"@graph\":[{\"@type\":\"ScholarlyArticle\",\"@id\":\"https:\/\/principle.study\/pl\/bz\/okresy\/#article\",\"isPartOf\":{\"@id\":\"https:\/\/principle.study\/pl\/bz\/okresy\/\"},\"author\":{\"name\":\"jforelander\",\"@id\":\"https:\/\/principle.study\/pl\/#\/schema\/person\/75b5214cd4e52851b4f36a4e98610e00\"},\"headline\":\"Rozdzia\u0142 3. Okresy w Historii Opatrzno\u015bci i czas ich trwania\",\"datePublished\":\"2024-01-17T17:32:31+00:00\",\"dateModified\":\"2024-09-18T19:43:50+00:00\",\"mainEntityOfPage\":{\"@id\":\"https:\/\/principle.study\/pl\/bz\/okresy\/\"},\"wordCount\":207,\"publisher\":{\"@id\":\"https:\/\/principle.study\/pl\/#organization\"},\"image\":{\"@id\":\"https:\/\/principle.study\/pl\/bz\/okresy\/#primaryimage\"},\"thumbnailUrl\":\"https:\/\/principle.study\/wp-content\/uploads\/2024\/02\/3-0-pl-periods-in-providential-history.png\",\"inLanguage\":\"pl-PL\"},{\"@type\":\"WebPage\",\"@id\":\"https:\/\/principle.study\/pl\/bz\/okresy\/\",\"url\":\"https:\/\/principle.study\/pl\/bz\/okresy\/\",\"name\":\"Rozdzia\u0142 3. Okresy w Historii Opatrzno\u015bci i czas ich trwania - Przedstawienie Boskiej Zasady\",\"isPartOf\":{\"@id\":\"https:\/\/principle.study\/pl\/#website\"},\"primaryImageOfPage\":{\"@id\":\"https:\/\/principle.study\/pl\/bz\/okresy\/#primaryimage\"},\"image\":{\"@id\":\"https:\/\/principle.study\/pl\/bz\/okresy\/#primaryimage\"},\"thumbnailUrl\":\"https:\/\/principle.study\/wp-content\/uploads\/2024\/02\/3-0-pl-periods-in-providential-history.png\",\"datePublished\":\"2024-01-17T17:32:31+00:00\",\"dateModified\":\"2024-09-18T19:43:50+00:00\",\"breadcrumb\":{\"@id\":\"https:\/\/principle.study\/pl\/bz\/okresy\/#breadcrumb\"},\"inLanguage\":\"pl-PL\",\"potentialAction\":[{\"@type\":\"ReadAction\",\"target\":[\"https:\/\/principle.study\/pl\/bz\/okresy\/\"]}]},{\"@type\":\"ImageObject\",\"inLanguage\":\"pl-PL\",\"@id\":\"https:\/\/principle.study\/pl\/bz\/okresy\/#primaryimage\",\"url\":\"https:\/\/principle.study\/wp-content\/uploads\/2024\/02\/3-0-pl-periods-in-providential-history.png\",\"contentUrl\":\"https:\/\/principle.study\/wp-content\/uploads\/2024\/02\/3-0-pl-periods-in-providential-history.png\",\"width\":1200,\"height\":630,\"caption\":\"Rozdzia\u0142 3. Okresy w Historii Opatrzno\u015bci i czas ich trwania\"},{\"@type\":\"BreadcrumbList\",\"@id\":\"https:\/\/principle.study\/pl\/bz\/okresy\/#breadcrumb\",\"itemListElement\":[{\"@type\":\"ListItem\",\"position\":1,\"name\":\"\u0413\u043e\u043b\u043e\u0432\u043d\u0430 \u0421\u0442\u043e\u0440\u0456\u043d\u043a\u0430\",\"item\":\"https:\/\/principle.study\/pl\/bz\/\"},{\"@type\":\"ListItem\",\"position\":2,\"name\":\"Przedstawienie Boskiej Zasady\",\"item\":\"https:\/\/principle.study\/pl\/bz\/\"},{\"@type\":\"ListItem\",\"position\":3,\"name\":\"Rozdzia\u0142 3. Okresy w Historii Opatrzno\u015bci i czas ich trwania\"}]},{\"@type\":\"WebSite\",\"@id\":\"https:\/\/principle.study\/pl\/#website\",\"url\":\"https:\/\/principle.study\/pl\/\",\"name\":\"%%sitename%%\",\"description\":\"Badanie i praktyka Zasady\",\"publisher\":{\"@id\":\"https:\/\/principle.study\/pl\/#organization\"},\"potentialAction\":[{\"@type\":\"SearchAction\",\"target\":{\"@type\":\"EntryPoint\",\"urlTemplate\":\"https:\/\/principle.study\/pl\/?s={search_term_string}\"},\"query-input\":{\"@type\":\"PropertyValueSpecification\",\"valueRequired\":true,\"valueName\":\"search_term_string\"}}],\"inLanguage\":\"pl-PL\"},{\"@type\":\"Organization\",\"@id\":\"https:\/\/principle.study\/pl\/#organization\",\"name\":\"HP Words\",\"url\":\"https:\/\/principle.study\/pl\/\",\"logo\":{\"@type\":\"ImageObject\",\"inLanguage\":\"pl-PL\",\"@id\":\"https:\/\/principle.study\/pl\/#\/schema\/logo\/image\/\",\"url\":\"https:\/\/principle.study\/wp-content\/uploads\/2022\/01\/hp-words-logo512.png\",\"contentUrl\":\"https:\/\/principle.study\/wp-content\/uploads\/2022\/01\/hp-words-logo512.png\",\"width\":512,\"height\":512,\"caption\":\"HP Words\"},\"image\":{\"@id\":\"https:\/\/principle.study\/pl\/#\/schema\/logo\/image\/\"},\"sameAs\":[\"https:\/\/www.facebook.com\/people\/--\/100071895999577\/\"]},{\"@type\":\"Person\",\"@id\":\"https:\/\/principle.study\/pl\/#\/schema\/person\/75b5214cd4e52851b4f36a4e98610e00\",\"name\":\"jforelander\",\"image\":{\"@type\":\"ImageObject\",\"inLanguage\":\"pl-PL\",\"@id\":\"https:\/\/principle.study\/pl\/#\/schema\/person\/image\/\",\"url\":\"https:\/\/secure.gravatar.com\/avatar\/450fc96bdb2b87efd3ceed7ef5f9420220f522bcf4b951feb01c6b32f0ac44a3?s=96&d=mm&r=g\",\"contentUrl\":\"https:\/\/secure.gravatar.com\/avatar\/450fc96bdb2b87efd3ceed7ef5f9420220f522bcf4b951feb01c6b32f0ac44a3?s=96&d=mm&r=g\",\"caption\":\"jforelander\"}}]}<\/script>\n<!-- \/ Yoast SEO plugin. -->","yoast_head_json":{"title":"Rozdzia\u0142 3. Okresy w Historii Opatrzno\u015bci i czas ich trwania - Przedstawienie Boskiej Zasady","robots":{"index":"index","follow":"follow","max-snippet":"max-snippet:-1","max-image-preview":"max-image-preview:large","max-video-preview":"max-video-preview:-1"},"canonical":"https:\/\/principle.study\/pl\/bz\/okresy\/","og_locale":"pl_PL","og_type":"article","og_title":"Rozdzia\u0142 3. Okresy w Historii Opatrzno\u015bci i czas ich trwania - Przedstawienie Boskiej Zasady","og_description":"\uc81c3\uc7a5 \uc12d\ub9ac\uc5ed\uc0ac\uc758 \uac01 \uc2dc\ub300\uc640 \uadf8 \uc5f0\uc218\uc758 \ud615\uc131 Cz\u0119\u015b\u0107 1. Opatrzno\u015bciowe okresy to\u017csamo\u015bci czasu Cz\u0119\u015b\u0107 2. Liczba pokole\u0144 lub lat w poszczeg\u00f3lnych okresach opatrzno\u015bciowej epoki ustanawiania podstawy dla odnowy 2.1 Jak i dlaczego opatrzno\u015b\u0107 odnowy ulega przed\u0142u\u017ceniu 2.2 Wertykalne warunki odszkodowania i horyzontalna odnowa przez odszkodowanie 2.3 Horyzontalna odnowa przez odszkodowanie dokonywana wertykalnie 2.4 Liczbowe okresy&hellip;","og_url":"https:\/\/principle.study\/pl\/bz\/okresy\/","og_site_name":"Badanie i praktyka Zasady","article_publisher":"https:\/\/www.facebook.com\/people\/--\/100071895999577\/","article_modified_time":"2024-09-18T19:43:50+00:00","og_image":[{"width":1200,"height":630,"url":"https:\/\/principle.study\/wp-content\/uploads\/2024\/02\/3-0-pl-periods-in-providential-history.png","type":"image\/png"}],"twitter_card":"summary_large_image","schema":{"@context":"https:\/\/schema.org","@graph":[{"@type":"ScholarlyArticle","@id":"https:\/\/principle.study\/pl\/bz\/okresy\/#article","isPartOf":{"@id":"https:\/\/principle.study\/pl\/bz\/okresy\/"},"author":{"name":"jforelander","@id":"https:\/\/principle.study\/pl\/#\/schema\/person\/75b5214cd4e52851b4f36a4e98610e00"},"headline":"Rozdzia\u0142 3. Okresy w Historii Opatrzno\u015bci i czas ich trwania","datePublished":"2024-01-17T17:32:31+00:00","dateModified":"2024-09-18T19:43:50+00:00","mainEntityOfPage":{"@id":"https:\/\/principle.study\/pl\/bz\/okresy\/"},"wordCount":207,"publisher":{"@id":"https:\/\/principle.study\/pl\/#organization"},"image":{"@id":"https:\/\/principle.study\/pl\/bz\/okresy\/#primaryimage"},"thumbnailUrl":"https:\/\/principle.study\/wp-content\/uploads\/2024\/02\/3-0-pl-periods-in-providential-history.png","inLanguage":"pl-PL"},{"@type":"WebPage","@id":"https:\/\/principle.study\/pl\/bz\/okresy\/","url":"https:\/\/principle.study\/pl\/bz\/okresy\/","name":"Rozdzia\u0142 3. Okresy w Historii Opatrzno\u015bci i czas ich trwania - Przedstawienie Boskiej Zasady","isPartOf":{"@id":"https:\/\/principle.study\/pl\/#website"},"primaryImageOfPage":{"@id":"https:\/\/principle.study\/pl\/bz\/okresy\/#primaryimage"},"image":{"@id":"https:\/\/principle.study\/pl\/bz\/okresy\/#primaryimage"},"thumbnailUrl":"https:\/\/principle.study\/wp-content\/uploads\/2024\/02\/3-0-pl-periods-in-providential-history.png","datePublished":"2024-01-17T17:32:31+00:00","dateModified":"2024-09-18T19:43:50+00:00","breadcrumb":{"@id":"https:\/\/principle.study\/pl\/bz\/okresy\/#breadcrumb"},"inLanguage":"pl-PL","potentialAction":[{"@type":"ReadAction","target":["https:\/\/principle.study\/pl\/bz\/okresy\/"]}]},{"@type":"ImageObject","inLanguage":"pl-PL","@id":"https:\/\/principle.study\/pl\/bz\/okresy\/#primaryimage","url":"https:\/\/principle.study\/wp-content\/uploads\/2024\/02\/3-0-pl-periods-in-providential-history.png","contentUrl":"https:\/\/principle.study\/wp-content\/uploads\/2024\/02\/3-0-pl-periods-in-providential-history.png","width":1200,"height":630,"caption":"Rozdzia\u0142 3. Okresy w Historii Opatrzno\u015bci i czas ich trwania"},{"@type":"BreadcrumbList","@id":"https:\/\/principle.study\/pl\/bz\/okresy\/#breadcrumb","itemListElement":[{"@type":"ListItem","position":1,"name":"\u0413\u043e\u043b\u043e\u0432\u043d\u0430 \u0421\u0442\u043e\u0440\u0456\u043d\u043a\u0430","item":"https:\/\/principle.study\/pl\/bz\/"},{"@type":"ListItem","position":2,"name":"Przedstawienie Boskiej Zasady","item":"https:\/\/principle.study\/pl\/bz\/"},{"@type":"ListItem","position":3,"name":"Rozdzia\u0142 3. Okresy w Historii Opatrzno\u015bci i czas ich trwania"}]},{"@type":"WebSite","@id":"https:\/\/principle.study\/pl\/#website","url":"https:\/\/principle.study\/pl\/","name":"%%sitename%%","description":"Badanie i praktyka Zasady","publisher":{"@id":"https:\/\/principle.study\/pl\/#organization"},"potentialAction":[{"@type":"SearchAction","target":{"@type":"EntryPoint","urlTemplate":"https:\/\/principle.study\/pl\/?s={search_term_string}"},"query-input":{"@type":"PropertyValueSpecification","valueRequired":true,"valueName":"search_term_string"}}],"inLanguage":"pl-PL"},{"@type":"Organization","@id":"https:\/\/principle.study\/pl\/#organization","name":"HP Words","url":"https:\/\/principle.study\/pl\/","logo":{"@type":"ImageObject","inLanguage":"pl-PL","@id":"https:\/\/principle.study\/pl\/#\/schema\/logo\/image\/","url":"https:\/\/principle.study\/wp-content\/uploads\/2022\/01\/hp-words-logo512.png","contentUrl":"https:\/\/principle.study\/wp-content\/uploads\/2022\/01\/hp-words-logo512.png","width":512,"height":512,"caption":"HP Words"},"image":{"@id":"https:\/\/principle.study\/pl\/#\/schema\/logo\/image\/"},"sameAs":["https:\/\/www.facebook.com\/people\/--\/100071895999577\/"]},{"@type":"Person","@id":"https:\/\/principle.study\/pl\/#\/schema\/person\/75b5214cd4e52851b4f36a4e98610e00","name":"jforelander","image":{"@type":"ImageObject","inLanguage":"pl-PL","@id":"https:\/\/principle.study\/pl\/#\/schema\/person\/image\/","url":"https:\/\/secure.gravatar.com\/avatar\/450fc96bdb2b87efd3ceed7ef5f9420220f522bcf4b951feb01c6b32f0ac44a3?s=96&d=mm&r=g","contentUrl":"https:\/\/secure.gravatar.com\/avatar\/450fc96bdb2b87efd3ceed7ef5f9420220f522bcf4b951feb01c6b32f0ac44a3?s=96&d=mm&r=g","caption":"jforelander"}}]}},"_links":{"self":[{"href":"https:\/\/principle.study\/pl\/wp-json\/wp\/v2\/pages\/29014","targetHints":{"allow":["GET"]}}],"collection":[{"href":"https:\/\/principle.study\/pl\/wp-json\/wp\/v2\/pages"}],"about":[{"href":"https:\/\/principle.study\/pl\/wp-json\/wp\/v2\/types\/page"}],"author":[{"embeddable":true,"href":"https:\/\/principle.study\/pl\/wp-json\/wp\/v2\/users\/3"}],"replies":[{"embeddable":true,"href":"https:\/\/principle.study\/pl\/wp-json\/wp\/v2\/comments?post=29014"}],"version-history":[{"count":0,"href":"https:\/\/principle.study\/pl\/wp-json\/wp\/v2\/pages\/29014\/revisions"}],"up":[{"embeddable":true,"href":"https:\/\/principle.study\/pl\/wp-json\/wp\/v2\/pages\/25351"}],"wp:featuredmedia":[{"embeddable":true,"href":"https:\/\/principle.study\/pl\/wp-json\/wp\/v2\/media\/31642"}],"wp:attachment":[{"href":"https:\/\/principle.study\/pl\/wp-json\/wp\/v2\/media?parent=29014"}],"curies":[{"name":"wp","href":"https:\/\/api.w.org\/{rel}","templated":true}]}}