{"id":28983,"date":"2024-01-17T16:56:24","date_gmt":"2024-01-17T14:56:24","guid":{"rendered":"https:\/\/hpwords.com\/?page_id=28983"},"modified":"2024-09-18T21:40:08","modified_gmt":"2024-09-18T19:40:08","slug":"opatrznosc-odnowy-pod-przywodztwem-mojzesza","status":"publish","type":"page","link":"https:\/\/principle.study\/pl\/bz\/mojzesz-i-jezus\/opatrznosc-odnowy-pod-przywodztwem-mojzesza\/","title":{"rendered":"Cz\u0119\u015b\u0107 2. Opatrzno\u015b\u0107 odnowy pod przyw\u00f3dztwem Moj\u017cesza"},"content":{"rendered":"<p id=\"dp2-2-2-kor\" class=\"has-larger-font-size\" style=\"margin-bottom: 40px;\"><span class=\"wp-block-scf-block-scf-gutenberg scf-content-chunk\" data-scf=\"&#54620;&#44397;&#50612;,Czerwone,Niebieskie,&#379;&oacute;&#322;te,\"><b>&#51228;2&#51208; <a href=\"https:\/\/principle.study\/pl\/words\/moses\/\" target=\"_blank\" title=\"Moj&#380;esz [mose]\" class=\"encyclopedia\">&#47784;&#49464;<\/a>&#47484; <a href=\"https:\/\/principle.study\/pl\/words\/czunszim\/\" target=\"_blank\" title=\"centrum, &#347;rodek &ndash; &#20013;&#24515; [czunszim] Etymologiay &#20013; (&#51473;) [czun] &ndash; &#347;rodkowy, &#347;redni; &#24515; (&#49900;) [szim] &ndash; serce; Czasowniki &#51473;&#49900;&#54616;&#45796; &ndash; umie&#347;&#263; co&#347; na &#347;rodku;\" class=\"encyclopedia\">&#51473;&#49900;<\/a>&#54620; <a href=\"https:\/\/principle.study\/pl\/words\/boggwi\/\" target=\"_blank\" title=\"odnowa &ndash; &#24489;&#27512; [bokkwi] Etymologia &#24489; (&#48373;) [bok] &ndash; przywr&oacute;ci&#263;, zwr&oacute;ci&#263;; &#27512; (&#44480;) [kwi] &ndash; wr&oacute;ci&#263;;\" class=\"encyclopedia\">&#48373;&#44480;<\/a><a href=\"https:\/\/principle.study\/pl\/words\/seomni\/\" target=\"_blank\" title=\"opatrzno&#347;&#263; &ndash; &#25885;&#29702; [seomni] Etymologia &#25885; (&#49453;) [seom] &ndash; zarz&#261;dza&#263;; &#29702; (&#47532;) [ri] &ndash; rozum, logika;\" class=\"encyclopedia\">&#49453;&#47532;<\/a><\/b><\/span><\/p>\n\n\n\n<p style=\"line-height: 2;\">\n<a href=\"\/pl\/bz\/mojzesz-i-jezus\/opatrznosc-odnowy-pod-przywodztwem-mojzesza\/przeglad-opatrznosci-prowadzonej-przez-mojzesza\/\"><b>2.1 Przegl&#261;d opatrzno&#347;ci prowadzonej przez Moj&#380;esza<\/b><\/a><br><a href=\"\/pl\/bz\/mojzesz-i-jezus\/opatrznosc-odnowy-pod-przywodztwem-mojzesza\/przeglad-opatrznosci-prowadzonej-przez-mojzesza\/#dp2-2.2.1.1\">2.1.1 Podstawa Wiary<\/a><br><a href=\"\/pl\/bz\/mojzesz-i-jezus\/opatrznosc-odnowy-pod-przywodztwem-mojzesza\/przeglad-opatrznosci-prowadzonej-przez-mojzesza\/#dp2-2.2.1.1.1\"><span style=\"margin-left: 16px\">2.1.1.1 Posta&#263; centralna w odnowie Podstawy Wiary<\/span><\/a><br><a href=\"\/pl\/bz\/mojzesz-i-jezus\/opatrznosc-odnowy-pod-przywodztwem-mojzesza\/przeglad-opatrznosci-prowadzonej-przez-mojzesza\/#dp2-2.2.1.1.2\"><span style=\"margin-left: 16px\">2.1.1.2 Wymagana ofiara w odnowie Podstawy Wiary<\/span><\/a><br><a href=\"\/pl\/bz\/mojzesz-i-jezus\/opatrznosc-odnowy-pod-przywodztwem-mojzesza\/przeglad-opatrznosci-prowadzonej-przez-mojzesza\/#dp2-2.2.1.2\">2.1.2 Podstawa Wcielenia<\/a><br><a href=\"\/pl\/bz\/mojzesz-i-jezus\/opatrznosc-odnowy-pod-przywodztwem-mojzesza\/przeglad-opatrznosci-prowadzonej-przez-mojzesza\/#dp2-2.2.1.3\">2.1.3 Podstawa Przyj&#281;cia Mesjasza<\/a><br><br><a href=\"\/pl\/bz\/mojzesz-i-jezus\/opatrznosc-odnowy-pod-przywodztwem-mojzesza\/narodowe-drogi-odnowy-kanaanu\/\"><b>2.2 Narodowe drogi odnowy Kanaanu pod wodz&#261; Moj&#380;esza<\/b><\/a><br><a href=\"\/pl\/bz\/mojzesz-i-jezus\/opatrznosc-odnowy-pod-przywodztwem-mojzesza\/narodowe-drogi-odnowy-kanaanu\/#dp2-2.2.2.1\">2.2.1 Pierwsza narodowa droga odnowy Kanaanu<br><\/a><a href=\"\/pl\/bz\/mojzesz-i-jezus\/opatrznosc-odnowy-pod-przywodztwem-mojzesza\/narodowe-drogi-odnowy-kanaanu\/#dp2-2.2.2.1.1\"><span style=\"margin-left: 16px\">2.2.1.1 Podstawa Wiary<\/span><\/a><br><a href=\"\/pl\/bz\/mojzesz-i-jezus\/opatrznosc-odnowy-pod-przywodztwem-mojzesza\/narodowe-drogi-odnowy-kanaanu\/#dp2-2.2.2.1.2\"><span style=\"margin-left: 16px\">2.2.1.2 Podstawa Wcielenia<\/span><\/a><br><a href=\"\/pl\/bz\/mojzesz-i-jezus\/opatrznosc-odnowy-pod-przywodztwem-mojzesza\/narodowe-drogi-odnowy-kanaanu\/#dp2-2.2.2.1.3\"><span style=\"margin-left: 16px\">2.2.1.3 Niepowodzenie pierwszej drogi narodowej odnowy Kanaanu<\/span><\/a><br><a href=\"\/pl\/bz\/mojzesz-i-jezus\/opatrznosc-odnowy-pod-przywodztwem-mojzesza\/narodowe-drogi-odnowy-kanaanu\/#dp2-2.2.2.2\">2.2.2 Druga droga narodowej odnowy Kanaanu<\/a><br><a href=\"\/pl\/bz\/mojzesz-i-jezus\/opatrznosc-odnowy-pod-przywodztwem-mojzesza\/narodowe-drogi-odnowy-kanaanu\/#dp2-2.2.2.2.1\"><span style=\"margin-left: 16px\">2.2.2.1 Podstawa Wiary<\/span><\/a><br><a href=\"\/pl\/bz\/mojzesz-i-jezus\/opatrznosc-odnowy-pod-przywodztwem-mojzesza\/narodowe-drogi-odnowy-kanaanu\/#dp2-2.2.2.2.2\"><span style=\"margin-left: 16px\">2.2.2.2 Podstawa Wcielenia<\/span><\/a><br><a href=\"\/pl\/bz\/mojzesz-i-jezus\/opatrznosc-odnowy-pod-przywodztwem-mojzesza\/narodowe-drogi-odnowy-kanaanu\/#dp2-2.2.2.2.3\"><span style=\"margin-left: 16px\">2.2.2.3 Opatrzno&#347;&#263; odnowy i Przybytek<\/span><\/a><br><a href=\"\/pl\/bz\/mojzesz-i-jezus\/opatrznosc-odnowy-pod-przywodztwem-mojzesza\/narodowe-drogi-odnowy-kanaanu\/#dp2-2.2.2.2.3.1\"><span style=\"margin-left: 32px\">2.2.2.3.1 Znaczenie i cel kamiennych tablic, Przybytku i Arki Przymierza<\/span><\/a><br><a href=\"\/pl\/bz\/mojzesz-i-jezus\/opatrznosc-odnowy-pod-przywodztwem-mojzesza\/narodowe-drogi-odnowy-kanaanu\/#dp2-2.2.2.2.3.2\"><span style=\"margin-left: 32px\">2.2.2.3.2 Podstawa Przybytku<\/span><\/a><br><a href=\"\/pl\/bz\/mojzesz-i-jezus\/opatrznosc-odnowy-pod-przywodztwem-mojzesza\/narodowe-drogi-odnowy-kanaanu\/#dp2-2.2.2.2.3.2.1\"><span style=\"margin-left: 48px\">Pierwsza Podstawa Przybytku<\/span><\/a><br><a href=\"\/pl\/bz\/mojzesz-i-jezus\/opatrznosc-odnowy-pod-przywodztwem-mojzesza\/narodowe-drogi-odnowy-kanaanu\/#dp2-2.2.2.2.3.2.2\"><span style=\"margin-left: 48px\">Druga Podstawa Przybytku<\/span><\/a><br><a href=\"\/pl\/bz\/mojzesz-i-jezus\/opatrznosc-odnowy-pod-przywodztwem-mojzesza\/narodowe-drogi-odnowy-kanaanu\/#dp2-2.2.2.2.3.2.3\"><span style=\"margin-left: 48px\">Trzecia Podstawa Przybytku<\/span><\/a><br><a href=\"\/pl\/bz\/mojzesz-i-jezus\/opatrznosc-odnowy-pod-przywodztwem-mojzesza\/narodowe-drogi-odnowy-kanaanu\/#dp2-2.2.2.2.4\"><span style=\"margin-left: 16px\">2.2.2.4 Niepowodzenie drugiej drogi narodowej odnowy Kanaanu<\/span><\/a><br><a href=\"\/pl\/bz\/mojzesz-i-jezus\/opatrznosc-odnowy-pod-przywodztwem-mojzesza\/narodowe-drogi-odnowy-kanaanu\/#dp2-2.2.2.3\">2.2.3 Trzecia droga narodowej odnowy Kanaanu<\/a><br><a href=\"\/pl\/bz\/mojzesz-i-jezus\/opatrznosc-odnowy-pod-przywodztwem-mojzesza\/narodowe-drogi-odnowy-kanaanu\/#dp2-2.2.2.3.1\"><span style=\"margin-left: 16px\">2.2.3.1 Podstawa Wiary<\/span><\/a><br><a href=\"\/pl\/bz\/mojzesz-i-jezus\/opatrznosc-odnowy-pod-przywodztwem-mojzesza\/narodowe-drogi-odnowy-kanaanu\/#dp2-2.2.2.3.2\"><span style=\"margin-left: 16px\">2.2.3.2 Podstawa Wcielenia<\/span><\/a><br><a href=\"\/pl\/bz\/mojzesz-i-jezus\/opatrznosc-odnowy-pod-przywodztwem-mojzesza\/narodowe-drogi-odnowy-kanaanu\/#dp2-2.2.2.3.2.1\"><span style=\"margin-left: 32px\">2.2.3.2.1 Podstawa Wcielenia ze&#347;rodkowana w Moj&#380;eszu<\/span><\/a><br><a href=\"\/pl\/bz\/mojzesz-i-jezus\/opatrznosc-odnowy-pod-przywodztwem-mojzesza\/narodowe-drogi-odnowy-kanaanu\/#dp2-2.2.2.3.2.2\"><span style=\"margin-left: 32px\">2.2.3.2.2 Podstawa Wcielenia ze&#347;rodkowana w Jozuem<\/span><\/a><br><a href=\"\/pl\/bz\/mojzesz-i-jezus\/opatrznosc-odnowy-pod-przywodztwem-mojzesza\/narodowe-drogi-odnowy-kanaanu\/#dp2-2.2.2.3.3\"><span style=\"margin-left: 16px\">2.2.3.3 Podstawa Przyj&#281;cia Mesjasza<\/span><\/a><br><br><a href=\"\/pl\/bz\/mojzesz-i-jezus\/opatrznosc-odnowy-pod-przywodztwem-mojzesza\/nauka-plynaca-z-drogi-mojzesza\/\"><b>2.3 Nauka p&#322;yn&#261;ca z drogi Moj&#380;esza<\/b><\/a><\/p>\n\n\n\n<hr class=\"wp-block-separator has-alpha-channel-opacity is-style-dots\"><p><div class=\"alignleft\"><a href=\"https:\/\/principle.study\/pl\/bz\/mojzesz-i-jezus\/wzorcowa-droga-pokonania-szatana\/\" title=\"Cz\u0119\u015b\u0107 1. Wzorcowa droga pokonania Szatana\"><p style=\"font-size: 72px; text-align: center; margin-bottom: -32px;\">\u2190<\/p><br><p class=\"has-large-font-size\">Cz\u0119\u015b\u0107 1. Wzorcowa droga pokonania Szatana<\/p><\/a><\/div> <div class=\"alignright\"><a href=\"https:\/\/principle.study\/pl\/bz\/mojzesz-i-jezus\/opatrznosc-odnowy-pod-przywodztwem-mojzesza\/przeglad-opatrznosci-prowadzonej-przez-mojzesza\/\" title=\"2.1 Przegl\u0105d opatrzno\u015bci prowadzonej przez Moj\u017cesza\"><p style=\"font-size: 72px; text-align: center; margin-bottom: -32px;\">\u2192<\/p><br><p class=\"has-large-font-size\">2.1 Przegl\u0105d opatrzno\u015bci prowadzonej przez Moj\u017cesza<\/p><\/a><\/div><\/p>","protected":false},"excerpt":{"rendered":"<p>\uc81c2\uc808 \ubaa8\uc138\ub97c \uc911\uc2ec\ud55c \ubcf5\uadc0\uc12d\ub9ac 2.1 Przegl\u0105d opatrzno\u015bci prowadzonej przez Moj\u017cesza 2.1.1 Podstawa Wiary 2.1.1.1 Posta\u0107 centralna w odnowie Podstawy Wiary 2.1.1.2 Wymagana ofiara w odnowie Podstawy Wiary 2.1.2 Podstawa Wcielenia 2.1.3 Podstawa Przyj\u0119cia Mesjasza 2.2 Narodowe drogi odnowy Kanaanu pod wodz\u0105 Moj\u017cesza 2.2.1 Pierwsza narodowa droga odnowy Kanaanu 2.2.1.1 Podstawa Wiary 2.2.1.2 Podstawa Wcielenia 2.2.1.3&hellip;<\/p>\n","protected":false},"author":3,"featured_media":31613,"parent":28971,"menu_order":2,"comment_status":"closed","ping_status":"closed","template":"","meta":{"_acf_changed":false,"footnotes":""},"class_list":["post-28983","page","type-page","status-publish","has-post-thumbnail","hentry"],"acf":[],"yoast_head":"<!-- This site is optimized with the Yoast SEO plugin v26.8 - https:\/\/yoast.com\/product\/yoast-seo-wordpress\/ -->\n<title>Cz\u0119\u015b\u0107 2. Opatrzno\u015b\u0107 odnowy pod przyw\u00f3dztwem Moj\u017cesza - Przedstawienie Boskiej Zasady<\/title>\n<meta name=\"robots\" content=\"index, follow, max-snippet:-1, max-image-preview:large, max-video-preview:-1\" \/>\n<link rel=\"canonical\" href=\"https:\/\/principle.study\/pl\/bz\/mojzesz-i-jezus\/opatrznosc-odnowy-pod-przywodztwem-mojzesza\/\" \/>\n<meta property=\"og:locale\" content=\"pl_PL\" \/>\n<meta property=\"og:type\" content=\"article\" \/>\n<meta property=\"og:title\" content=\"Cz\u0119\u015b\u0107 2. Opatrzno\u015b\u0107 odnowy pod przyw\u00f3dztwem Moj\u017cesza - Przedstawienie Boskiej Zasady\" \/>\n<meta property=\"og:description\" content=\"\uc81c2\uc808 \ubaa8\uc138\ub97c \uc911\uc2ec\ud55c \ubcf5\uadc0\uc12d\ub9ac 2.1 Przegl\u0105d opatrzno\u015bci prowadzonej przez Moj\u017cesza 2.1.1 Podstawa Wiary 2.1.1.1 Posta\u0107 centralna w odnowie Podstawy Wiary 2.1.1.2 Wymagana ofiara w odnowie Podstawy Wiary 2.1.2 Podstawa Wcielenia 2.1.3 Podstawa Przyj\u0119cia Mesjasza 2.2 Narodowe drogi odnowy Kanaanu pod wodz\u0105 Moj\u017cesza 2.2.1 Pierwsza narodowa droga odnowy Kanaanu 2.2.1.1 Podstawa Wiary 2.2.1.2 Podstawa Wcielenia 2.2.1.3&hellip;\" \/>\n<meta property=\"og:url\" content=\"https:\/\/principle.study\/pl\/bz\/mojzesz-i-jezus\/opatrznosc-odnowy-pod-przywodztwem-mojzesza\/\" \/>\n<meta property=\"og:site_name\" content=\"Badanie i praktyka Zasady\" \/>\n<meta property=\"article:publisher\" content=\"https:\/\/www.facebook.com\/people\/--\/100071895999577\/\" \/>\n<meta property=\"article:modified_time\" content=\"2024-09-18T19:40:08+00:00\" \/>\n<meta property=\"og:image\" content=\"https:\/\/principle.study\/wp-content\/uploads\/2024\/02\/2-2-pl-under-the-leadership-of-moses.png\" \/>\n\t<meta property=\"og:image:width\" content=\"1200\" \/>\n\t<meta property=\"og:image:height\" content=\"630\" \/>\n\t<meta property=\"og:image:type\" content=\"image\/png\" \/>\n<meta name=\"twitter:card\" content=\"summary_large_image\" \/>\n<script type=\"application\/ld+json\" class=\"yoast-schema-graph\">{\"@context\":\"https:\/\/schema.org\",\"@graph\":[{\"@type\":\"ScholarlyArticle\",\"@id\":\"https:\/\/principle.study\/pl\/bz\/mojzesz-i-jezus\/opatrznosc-odnowy-pod-przywodztwem-mojzesza\/#article\",\"isPartOf\":{\"@id\":\"https:\/\/principle.study\/pl\/bz\/mojzesz-i-jezus\/opatrznosc-odnowy-pod-przywodztwem-mojzesza\/\"},\"author\":{\"name\":\"jforelander\",\"@id\":\"https:\/\/principle.study\/pl\/#\/schema\/person\/75b5214cd4e52851b4f36a4e98610e00\"},\"headline\":\"Cz\u0119\u015b\u0107 2. Opatrzno\u015b\u0107 odnowy pod przyw\u00f3dztwem Moj\u017cesza\",\"datePublished\":\"2024-01-17T14:56:24+00:00\",\"dateModified\":\"2024-09-18T19:40:08+00:00\",\"mainEntityOfPage\":{\"@id\":\"https:\/\/principle.study\/pl\/bz\/mojzesz-i-jezus\/opatrznosc-odnowy-pod-przywodztwem-mojzesza\/\"},\"wordCount\":134,\"publisher\":{\"@id\":\"https:\/\/principle.study\/pl\/#organization\"},\"image\":{\"@id\":\"https:\/\/principle.study\/pl\/bz\/mojzesz-i-jezus\/opatrznosc-odnowy-pod-przywodztwem-mojzesza\/#primaryimage\"},\"thumbnailUrl\":\"https:\/\/principle.study\/wp-content\/uploads\/2024\/02\/2-2-pl-under-the-leadership-of-moses.png\",\"inLanguage\":\"pl-PL\"},{\"@type\":\"WebPage\",\"@id\":\"https:\/\/principle.study\/pl\/bz\/mojzesz-i-jezus\/opatrznosc-odnowy-pod-przywodztwem-mojzesza\/\",\"url\":\"https:\/\/principle.study\/pl\/bz\/mojzesz-i-jezus\/opatrznosc-odnowy-pod-przywodztwem-mojzesza\/\",\"name\":\"Cz\u0119\u015b\u0107 2. Opatrzno\u015b\u0107 odnowy pod przyw\u00f3dztwem Moj\u017cesza - Przedstawienie Boskiej Zasady\",\"isPartOf\":{\"@id\":\"https:\/\/principle.study\/pl\/#website\"},\"primaryImageOfPage\":{\"@id\":\"https:\/\/principle.study\/pl\/bz\/mojzesz-i-jezus\/opatrznosc-odnowy-pod-przywodztwem-mojzesza\/#primaryimage\"},\"image\":{\"@id\":\"https:\/\/principle.study\/pl\/bz\/mojzesz-i-jezus\/opatrznosc-odnowy-pod-przywodztwem-mojzesza\/#primaryimage\"},\"thumbnailUrl\":\"https:\/\/principle.study\/wp-content\/uploads\/2024\/02\/2-2-pl-under-the-leadership-of-moses.png\",\"datePublished\":\"2024-01-17T14:56:24+00:00\",\"dateModified\":\"2024-09-18T19:40:08+00:00\",\"breadcrumb\":{\"@id\":\"https:\/\/principle.study\/pl\/bz\/mojzesz-i-jezus\/opatrznosc-odnowy-pod-przywodztwem-mojzesza\/#breadcrumb\"},\"inLanguage\":\"pl-PL\",\"potentialAction\":[{\"@type\":\"ReadAction\",\"target\":[\"https:\/\/principle.study\/pl\/bz\/mojzesz-i-jezus\/opatrznosc-odnowy-pod-przywodztwem-mojzesza\/\"]}]},{\"@type\":\"ImageObject\",\"inLanguage\":\"pl-PL\",\"@id\":\"https:\/\/principle.study\/pl\/bz\/mojzesz-i-jezus\/opatrznosc-odnowy-pod-przywodztwem-mojzesza\/#primaryimage\",\"url\":\"https:\/\/principle.study\/wp-content\/uploads\/2024\/02\/2-2-pl-under-the-leadership-of-moses.png\",\"contentUrl\":\"https:\/\/principle.study\/wp-content\/uploads\/2024\/02\/2-2-pl-under-the-leadership-of-moses.png\",\"width\":1200,\"height\":630,\"caption\":\"Cz\u0119\u015b\u0107 2. Opatrzno\u015b\u0107 odnowy pod przyw\u00f3dztwem Moj\u017cesza\"},{\"@type\":\"BreadcrumbList\",\"@id\":\"https:\/\/principle.study\/pl\/bz\/mojzesz-i-jezus\/opatrznosc-odnowy-pod-przywodztwem-mojzesza\/#breadcrumb\",\"itemListElement\":[{\"@type\":\"ListItem\",\"position\":1,\"name\":\"\u0413\u043e\u043b\u043e\u0432\u043d\u0430 \u0421\u0442\u043e\u0440\u0456\u043d\u043a\u0430\",\"item\":\"https:\/\/principle.study\/pl\/bz\/\"},{\"@type\":\"ListItem\",\"position\":2,\"name\":\"Przedstawienie Boskiej Zasady\",\"item\":\"https:\/\/principle.study\/pl\/bz\/\"},{\"@type\":\"ListItem\",\"position\":3,\"name\":\"Rozdzia\u0142 2. Moj\u017cesz i Jezus w opatrzno\u015bci odnowy\",\"item\":\"https:\/\/principle.study\/pl\/bz\/mojzesz-i-jezus\/\"},{\"@type\":\"ListItem\",\"position\":4,\"name\":\"Cz\u0119\u015b\u0107 2. Opatrzno\u015b\u0107 odnowy pod przyw\u00f3dztwem Moj\u017cesza\"}]},{\"@type\":\"WebSite\",\"@id\":\"https:\/\/principle.study\/pl\/#website\",\"url\":\"https:\/\/principle.study\/pl\/\",\"name\":\"%%sitename%%\",\"description\":\"Badanie i praktyka Zasady\",\"publisher\":{\"@id\":\"https:\/\/principle.study\/pl\/#organization\"},\"potentialAction\":[{\"@type\":\"SearchAction\",\"target\":{\"@type\":\"EntryPoint\",\"urlTemplate\":\"https:\/\/principle.study\/pl\/?s={search_term_string}\"},\"query-input\":{\"@type\":\"PropertyValueSpecification\",\"valueRequired\":true,\"valueName\":\"search_term_string\"}}],\"inLanguage\":\"pl-PL\"},{\"@type\":\"Organization\",\"@id\":\"https:\/\/principle.study\/pl\/#organization\",\"name\":\"HP Words\",\"url\":\"https:\/\/principle.study\/pl\/\",\"logo\":{\"@type\":\"ImageObject\",\"inLanguage\":\"pl-PL\",\"@id\":\"https:\/\/principle.study\/pl\/#\/schema\/logo\/image\/\",\"url\":\"https:\/\/principle.study\/wp-content\/uploads\/2022\/01\/hp-words-logo512.png\",\"contentUrl\":\"https:\/\/principle.study\/wp-content\/uploads\/2022\/01\/hp-words-logo512.png\",\"width\":512,\"height\":512,\"caption\":\"HP Words\"},\"image\":{\"@id\":\"https:\/\/principle.study\/pl\/#\/schema\/logo\/image\/\"},\"sameAs\":[\"https:\/\/www.facebook.com\/people\/--\/100071895999577\/\"]},{\"@type\":\"Person\",\"@id\":\"https:\/\/principle.study\/pl\/#\/schema\/person\/75b5214cd4e52851b4f36a4e98610e00\",\"name\":\"jforelander\",\"image\":{\"@type\":\"ImageObject\",\"inLanguage\":\"pl-PL\",\"@id\":\"https:\/\/principle.study\/pl\/#\/schema\/person\/image\/\",\"url\":\"https:\/\/secure.gravatar.com\/avatar\/450fc96bdb2b87efd3ceed7ef5f9420220f522bcf4b951feb01c6b32f0ac44a3?s=96&d=mm&r=g\",\"contentUrl\":\"https:\/\/secure.gravatar.com\/avatar\/450fc96bdb2b87efd3ceed7ef5f9420220f522bcf4b951feb01c6b32f0ac44a3?s=96&d=mm&r=g\",\"caption\":\"jforelander\"}}]}<\/script>\n<!-- \/ Yoast SEO plugin. -->","yoast_head_json":{"title":"Cz\u0119\u015b\u0107 2. Opatrzno\u015b\u0107 odnowy pod przyw\u00f3dztwem Moj\u017cesza - Przedstawienie Boskiej Zasady","robots":{"index":"index","follow":"follow","max-snippet":"max-snippet:-1","max-image-preview":"max-image-preview:large","max-video-preview":"max-video-preview:-1"},"canonical":"https:\/\/principle.study\/pl\/bz\/mojzesz-i-jezus\/opatrznosc-odnowy-pod-przywodztwem-mojzesza\/","og_locale":"pl_PL","og_type":"article","og_title":"Cz\u0119\u015b\u0107 2. Opatrzno\u015b\u0107 odnowy pod przyw\u00f3dztwem Moj\u017cesza - Przedstawienie Boskiej Zasady","og_description":"\uc81c2\uc808 \ubaa8\uc138\ub97c \uc911\uc2ec\ud55c \ubcf5\uadc0\uc12d\ub9ac 2.1 Przegl\u0105d opatrzno\u015bci prowadzonej przez Moj\u017cesza 2.1.1 Podstawa Wiary 2.1.1.1 Posta\u0107 centralna w odnowie Podstawy Wiary 2.1.1.2 Wymagana ofiara w odnowie Podstawy Wiary 2.1.2 Podstawa Wcielenia 2.1.3 Podstawa Przyj\u0119cia Mesjasza 2.2 Narodowe drogi odnowy Kanaanu pod wodz\u0105 Moj\u017cesza 2.2.1 Pierwsza narodowa droga odnowy Kanaanu 2.2.1.1 Podstawa Wiary 2.2.1.2 Podstawa Wcielenia 2.2.1.3&hellip;","og_url":"https:\/\/principle.study\/pl\/bz\/mojzesz-i-jezus\/opatrznosc-odnowy-pod-przywodztwem-mojzesza\/","og_site_name":"Badanie i praktyka Zasady","article_publisher":"https:\/\/www.facebook.com\/people\/--\/100071895999577\/","article_modified_time":"2024-09-18T19:40:08+00:00","og_image":[{"width":1200,"height":630,"url":"https:\/\/principle.study\/wp-content\/uploads\/2024\/02\/2-2-pl-under-the-leadership-of-moses.png","type":"image\/png"}],"twitter_card":"summary_large_image","schema":{"@context":"https:\/\/schema.org","@graph":[{"@type":"ScholarlyArticle","@id":"https:\/\/principle.study\/pl\/bz\/mojzesz-i-jezus\/opatrznosc-odnowy-pod-przywodztwem-mojzesza\/#article","isPartOf":{"@id":"https:\/\/principle.study\/pl\/bz\/mojzesz-i-jezus\/opatrznosc-odnowy-pod-przywodztwem-mojzesza\/"},"author":{"name":"jforelander","@id":"https:\/\/principle.study\/pl\/#\/schema\/person\/75b5214cd4e52851b4f36a4e98610e00"},"headline":"Cz\u0119\u015b\u0107 2. Opatrzno\u015b\u0107 odnowy pod przyw\u00f3dztwem Moj\u017cesza","datePublished":"2024-01-17T14:56:24+00:00","dateModified":"2024-09-18T19:40:08+00:00","mainEntityOfPage":{"@id":"https:\/\/principle.study\/pl\/bz\/mojzesz-i-jezus\/opatrznosc-odnowy-pod-przywodztwem-mojzesza\/"},"wordCount":134,"publisher":{"@id":"https:\/\/principle.study\/pl\/#organization"},"image":{"@id":"https:\/\/principle.study\/pl\/bz\/mojzesz-i-jezus\/opatrznosc-odnowy-pod-przywodztwem-mojzesza\/#primaryimage"},"thumbnailUrl":"https:\/\/principle.study\/wp-content\/uploads\/2024\/02\/2-2-pl-under-the-leadership-of-moses.png","inLanguage":"pl-PL"},{"@type":"WebPage","@id":"https:\/\/principle.study\/pl\/bz\/mojzesz-i-jezus\/opatrznosc-odnowy-pod-przywodztwem-mojzesza\/","url":"https:\/\/principle.study\/pl\/bz\/mojzesz-i-jezus\/opatrznosc-odnowy-pod-przywodztwem-mojzesza\/","name":"Cz\u0119\u015b\u0107 2. Opatrzno\u015b\u0107 odnowy pod przyw\u00f3dztwem Moj\u017cesza - Przedstawienie Boskiej Zasady","isPartOf":{"@id":"https:\/\/principle.study\/pl\/#website"},"primaryImageOfPage":{"@id":"https:\/\/principle.study\/pl\/bz\/mojzesz-i-jezus\/opatrznosc-odnowy-pod-przywodztwem-mojzesza\/#primaryimage"},"image":{"@id":"https:\/\/principle.study\/pl\/bz\/mojzesz-i-jezus\/opatrznosc-odnowy-pod-przywodztwem-mojzesza\/#primaryimage"},"thumbnailUrl":"https:\/\/principle.study\/wp-content\/uploads\/2024\/02\/2-2-pl-under-the-leadership-of-moses.png","datePublished":"2024-01-17T14:56:24+00:00","dateModified":"2024-09-18T19:40:08+00:00","breadcrumb":{"@id":"https:\/\/principle.study\/pl\/bz\/mojzesz-i-jezus\/opatrznosc-odnowy-pod-przywodztwem-mojzesza\/#breadcrumb"},"inLanguage":"pl-PL","potentialAction":[{"@type":"ReadAction","target":["https:\/\/principle.study\/pl\/bz\/mojzesz-i-jezus\/opatrznosc-odnowy-pod-przywodztwem-mojzesza\/"]}]},{"@type":"ImageObject","inLanguage":"pl-PL","@id":"https:\/\/principle.study\/pl\/bz\/mojzesz-i-jezus\/opatrznosc-odnowy-pod-przywodztwem-mojzesza\/#primaryimage","url":"https:\/\/principle.study\/wp-content\/uploads\/2024\/02\/2-2-pl-under-the-leadership-of-moses.png","contentUrl":"https:\/\/principle.study\/wp-content\/uploads\/2024\/02\/2-2-pl-under-the-leadership-of-moses.png","width":1200,"height":630,"caption":"Cz\u0119\u015b\u0107 2. Opatrzno\u015b\u0107 odnowy pod przyw\u00f3dztwem Moj\u017cesza"},{"@type":"BreadcrumbList","@id":"https:\/\/principle.study\/pl\/bz\/mojzesz-i-jezus\/opatrznosc-odnowy-pod-przywodztwem-mojzesza\/#breadcrumb","itemListElement":[{"@type":"ListItem","position":1,"name":"\u0413\u043e\u043b\u043e\u0432\u043d\u0430 \u0421\u0442\u043e\u0440\u0456\u043d\u043a\u0430","item":"https:\/\/principle.study\/pl\/bz\/"},{"@type":"ListItem","position":2,"name":"Przedstawienie Boskiej Zasady","item":"https:\/\/principle.study\/pl\/bz\/"},{"@type":"ListItem","position":3,"name":"Rozdzia\u0142 2. Moj\u017cesz i Jezus w opatrzno\u015bci odnowy","item":"https:\/\/principle.study\/pl\/bz\/mojzesz-i-jezus\/"},{"@type":"ListItem","position":4,"name":"Cz\u0119\u015b\u0107 2. Opatrzno\u015b\u0107 odnowy pod przyw\u00f3dztwem Moj\u017cesza"}]},{"@type":"WebSite","@id":"https:\/\/principle.study\/pl\/#website","url":"https:\/\/principle.study\/pl\/","name":"%%sitename%%","description":"Badanie i praktyka Zasady","publisher":{"@id":"https:\/\/principle.study\/pl\/#organization"},"potentialAction":[{"@type":"SearchAction","target":{"@type":"EntryPoint","urlTemplate":"https:\/\/principle.study\/pl\/?s={search_term_string}"},"query-input":{"@type":"PropertyValueSpecification","valueRequired":true,"valueName":"search_term_string"}}],"inLanguage":"pl-PL"},{"@type":"Organization","@id":"https:\/\/principle.study\/pl\/#organization","name":"HP Words","url":"https:\/\/principle.study\/pl\/","logo":{"@type":"ImageObject","inLanguage":"pl-PL","@id":"https:\/\/principle.study\/pl\/#\/schema\/logo\/image\/","url":"https:\/\/principle.study\/wp-content\/uploads\/2022\/01\/hp-words-logo512.png","contentUrl":"https:\/\/principle.study\/wp-content\/uploads\/2022\/01\/hp-words-logo512.png","width":512,"height":512,"caption":"HP Words"},"image":{"@id":"https:\/\/principle.study\/pl\/#\/schema\/logo\/image\/"},"sameAs":["https:\/\/www.facebook.com\/people\/--\/100071895999577\/"]},{"@type":"Person","@id":"https:\/\/principle.study\/pl\/#\/schema\/person\/75b5214cd4e52851b4f36a4e98610e00","name":"jforelander","image":{"@type":"ImageObject","inLanguage":"pl-PL","@id":"https:\/\/principle.study\/pl\/#\/schema\/person\/image\/","url":"https:\/\/secure.gravatar.com\/avatar\/450fc96bdb2b87efd3ceed7ef5f9420220f522bcf4b951feb01c6b32f0ac44a3?s=96&d=mm&r=g","contentUrl":"https:\/\/secure.gravatar.com\/avatar\/450fc96bdb2b87efd3ceed7ef5f9420220f522bcf4b951feb01c6b32f0ac44a3?s=96&d=mm&r=g","caption":"jforelander"}}]}},"_links":{"self":[{"href":"https:\/\/principle.study\/pl\/wp-json\/wp\/v2\/pages\/28983","targetHints":{"allow":["GET"]}}],"collection":[{"href":"https:\/\/principle.study\/pl\/wp-json\/wp\/v2\/pages"}],"about":[{"href":"https:\/\/principle.study\/pl\/wp-json\/wp\/v2\/types\/page"}],"author":[{"embeddable":true,"href":"https:\/\/principle.study\/pl\/wp-json\/wp\/v2\/users\/3"}],"replies":[{"embeddable":true,"href":"https:\/\/principle.study\/pl\/wp-json\/wp\/v2\/comments?post=28983"}],"version-history":[{"count":0,"href":"https:\/\/principle.study\/pl\/wp-json\/wp\/v2\/pages\/28983\/revisions"}],"up":[{"embeddable":true,"href":"https:\/\/principle.study\/pl\/wp-json\/wp\/v2\/pages\/28971"}],"wp:featuredmedia":[{"embeddable":true,"href":"https:\/\/principle.study\/pl\/wp-json\/wp\/v2\/media\/31613"}],"wp:attachment":[{"href":"https:\/\/principle.study\/pl\/wp-json\/wp\/v2\/media?parent=28983"}],"curies":[{"name":"wp","href":"https:\/\/api.w.org\/{rel}","templated":true}]}}