{"id":28425,"date":"2024-01-01T18:40:02","date_gmt":"2024-01-01T16:40:02","guid":{"rendered":"https:\/\/hpwords.com\/?page_id=28425"},"modified":"2024-09-18T21:50:39","modified_gmt":"2024-09-18T19:50:39","slug":"opatrznosc-ustanawiania-podstawy-dla-odnowy","status":"publish","type":"page","link":"https:\/\/principle.study\/pl\/bz\/opatrznosc-ustanawiania-podstawy-dla-odnowy\/","title":{"rendered":"Rozdzia\u0142 1. Opatrzno\u015b\u0107 ustanawiania podstawy dla odnowy"},"content":{"rendered":"<p class=\"has-larger-font-size\"><span class=\"wp-block-scf-block-scf-gutenberg scf-content-chunk\" data-scf=\"&#54620;&#44397;&#50612;,Czerwone,Niebieskie,&#379;&oacute;&#322;te,\"><b>&#51228;1&#51109; <a href=\"https:\/\/principle.study\/pl\/words\/boggwi\/\" target=\"_blank\" title=\"odnowa &ndash; &#24489;&#27512; [bokkwi] Etymologia &#24489; (&#48373;) [bok] &ndash; przywr&oacute;ci&#263;, zwr&oacute;ci&#263;; &#27512; (&#44480;) [kwi] &ndash; wr&oacute;ci&#263;;\" class=\"encyclopedia\">&#48373;&#44480;<\/a><a href=\"https:\/\/principle.study\/pl\/words\/kidae\/\" target=\"_blank\" title=\"podstawa &mdash; &#22522;&#33274; [kide] Etymologia: &#22522; (&#44592;) [ki] &ndash; podstawa, bazys; &#33274; (&#45824;) [de] &ndash; platforma;\" class=\"encyclopedia\">&#44592;&#45824;<\/a><a href=\"https:\/\/principle.study\/pl\/words\/seomni\/\" target=\"_blank\" title=\"opatrzno&#347;&#263; &ndash; &#25885;&#29702; [seomni] Etymologia &#25885; (&#49453;) [seom] &ndash; zarz&#261;dza&#263;; &#29702; (&#47532;) [ri] &ndash; rozum, logika;\" class=\"encyclopedia\">&#49453;&#47532;<\/a><a href=\"https:\/\/principle.study\/pl\/words\/shidae\/\" target=\"_blank\" title=\"epoka, wiek, okres &ndash; &#26178;&#20195; [szide] Etymologia &#26178; (&#49884;) [szi] &ndash; czas, godzina, era, wiek; &#20195; (&#45824;) [de] &ndash; zamieni&#263;;\" class=\"encyclopedia\">&#49884;&#45824;<\/a><\/b><\/span><\/p>\n\n\n\n<p><\/p>\n\n\n\n<p style=\"line-height: 2;\">\n<a href=\"\/pl\/bz\/opatrznosc-ustanawiania-podstawy-dla-odnowy\/opatrznosc-odnowy-w-rodzinie-adama\/\"><b>Cz&#281;&#347;&#263; 1. Opatrzno&#347;&#263; odnowy w rodzinie Adama<\/b><\/a><br><a href=\"\/pl\/bz\/opatrznosc-ustanawiania-podstawy-dla-odnowy\/opatrznosc-odnowy-w-rodzinie-adama\/#dp2-1.1.1\">1.1 Podstawa Wiary<\/a><br><a href=\"\/pl\/bz\/opatrznosc-ustanawiania-podstawy-dla-odnowy\/opatrznosc-odnowy-w-rodzinie-adama\/#dp2-1.1.2\">1.2 Podstawa Wcielenia<\/a><br><a href=\"\/pl\/bz\/opatrznosc-ustanawiania-podstawy-dla-odnowy\/opatrznosc-odnowy-w-rodzinie-adama\/#dp2-1.1.3\">1.3 Podstawa Przyj&#281;cia Mesjasza w rodzinie Adama<\/a><br><a href=\"\/pl\/bz\/opatrznosc-ustanawiania-podstawy-dla-odnowy\/opatrznosc-odnowy-w-rodzinie-adama\/#dp2-1.1.4\">1.4 Nauka p&#322;yn&#261;ca z historii rodziny Adama<\/a><br><br><a href=\"\/pl\/bz\/opatrznosc-ustanawiania-podstawy-dla-odnowy\/opatrznosc-odnowy-w-rodzinie-noego\/\"><b>Cz&#281;&#347;&#263; 2. Opatrzno&#347;&#263; odnowy w rodzinie Noego<\/b><\/a><br><a href=\"\/pl\/bz\/opatrznosc-ustanawiania-podstawy-dla-odnowy\/opatrznosc-odnowy-w-rodzinie-noego\/#dp2-1.2.1\">2.1 Podstawa Wiary<\/a><br><a href=\"\/pl\/bz\/opatrznosc-ustanawiania-podstawy-dla-odnowy\/opatrznosc-odnowy-w-rodzinie-noego\/#dp2-1.2.1.1\"><span style=\"margin-left: 16px\">2.1.1 Posta&#263; centralna Podstawy Wiary<\/span><\/a><br><a href=\"\/pl\/bz\/opatrznosc-ustanawiania-podstawy-dla-odnowy\/opatrznosc-odnowy-w-rodzinie-noego\/#dp2-1.2.1.2\"><span style=\"margin-left: 16px\">2.1.2 Obiekt ofiarny w odnowie Podstawy Wiary<\/span><\/a><br><a href=\"\/pl\/bz\/opatrznosc-ustanawiania-podstawy-dla-odnowy\/opatrznosc-odnowy-w-rodzinie-noego\/#dp2-1.2.2\">2.2 Podstawa Wcielenia<\/a><br><a href=\"\/pl\/bz\/opatrznosc-ustanawiania-podstawy-dla-odnowy\/opatrznosc-odnowy-w-rodzinie-noego\/#dp2-1.2.3\">2.3 Nauka p&#322;yn&#261;ca z przyk&#322;adu rodziny Noego<\/a><br><br><a href=\"\/pl\/bz\/opatrznosc-ustanawiania-podstawy-dla-odnowy\/opatrznosc-odnowy-w-rodzinie-abrahama\/\"><b>Cz&#281;&#347;&#263; 3. Opatrzno&#347;&#263; Odnowy w rodzinie Abrahama<\/b><\/a><br><a href=\"\/pl\/bz\/opatrznosc-ustanawiania-podstawy-dla-odnowy\/opatrznosc-odnowy-w-rodzinie-abrahama\/#dp2-1.3.1\">3.1 Podstawa Wiary<\/a><br><a href=\"\/pl\/bz\/opatrznosc-ustanawiania-podstawy-dla-odnowy\/opatrznosc-odnowy-w-rodzinie-abrahama\/#dp2-1.3.1.1\"><span style=\"margin-left: 16px\">3.1.1 Posta&#263; centralna Podstawy Wiary<\/span><br><\/a><a href=\"\/pl\/bz\/opatrznosc-ustanawiania-podstawy-dla-odnowy\/opatrznosc-odnowy-w-rodzinie-abrahama\/#dp2-1.3.1.2\"><span style=\"margin-left: 16px\">3.1.2 Obiekty ofiarne w Podstawie Wiary<\/span><\/a><br><a href=\"\/pl\/bz\/opatrznosc-ustanawiania-podstawy-dla-odnowy\/opatrznosc-odnowy-w-rodzinie-abrahama\/#dp2-1.3.1.2.1\"><span style=\"margin-left: 32px\">3.1.2.1 Symboliczna ofiara Abrahama<\/span><\/a><br><a href=\"\/pl\/bz\/opatrznosc-ustanawiania-podstawy-dla-odnowy\/opatrznosc-odnowy-w-rodzinie-abrahama\/#dp2-1.3.1.2.2\"><span style=\"margin-left: 32px\">3.1.2.2 Ofiarowanie Izaaka<\/span><\/a><br><a href=\"\/pl\/bz\/opatrznosc-ustanawiania-podstawy-dla-odnowy\/opatrznosc-odnowy-w-rodzinie-abrahama\/#dp2-1.3.1.2.3\"><span style=\"margin-left: 32px\">3.1.2.3 Pozycja Izaaka i jego ofiara symboliczna z punktu widzenia Boga<\/span><\/a><br><a href=\"\/pl\/bz\/opatrznosc-ustanawiania-podstawy-dla-odnowy\/opatrznosc-odnowy-w-rodzinie-abrahama\/#dp2-1.3.2\">3.2 Podstawa Wcielenia<\/a><br><a href=\"\/pl\/bz\/opatrznosc-ustanawiania-podstawy-dla-odnowy\/opatrznosc-odnowy-w-rodzinie-abrahama\/#dp2-1.3.3\">3.3 Podstawa Przyj&#281;cia Mesjasza<\/a><br><a href=\"\/pl\/bz\/opatrznosc-ustanawiania-podstawy-dla-odnowy\/opatrznosc-odnowy-w-rodzinie-abrahama\/#dp2-1.3.4\">3.4 Nauka p&#322;yn&#261;ca z przyk&#322;adu Abrahama<\/a><\/p>\n\n\n\n<hr class=\"wp-block-separator has-alpha-channel-opacity is-style-dots\"><p><div class=\"alignleft\"><a href=\"https:\/\/principle.study\/pl\/bz\/wprowadzenie-do-odnowy\/historia-opatrznosci-odnowy-i-ja\/\" title=\"Cz\u0119\u015b\u0107 3. Historia opatrzno\u015bci odnowy i ja\"><p style=\"font-size: 72px; text-align: center; margin-bottom: -32px;\">\u2190<\/p><br><p class=\"has-large-font-size\">Cz\u0119\u015b\u0107 3. Historia opatrzno\u015bci odnowy i ja<\/p><\/a><\/div> <div class=\"alignright\"><a href=\"https:\/\/principle.study\/pl\/bz\/opatrznosc-ustanawiania-podstawy-dla-odnowy\/opatrznosc-odnowy-w-rodzinie-adama\/\" title=\"Cz\u0119\u015b\u0107 1. Opatrzno\u015b\u0107 odnowy w rodzinie Adama\"><p style=\"font-size: 72px; text-align: center; margin-bottom: -32px;\">\u2192<\/p><br><p class=\"has-large-font-size\">Cz\u0119\u015b\u0107 1. Opatrzno\u015b\u0107 odnowy w rodzinie Adama<\/p><\/a><\/div><\/p>","protected":false},"excerpt":{"rendered":"<p>\uc81c1\uc7a5 \ubcf5\uadc0\uae30\ub300\uc12d\ub9ac\uc2dc\ub300 Cz\u0119\u015b\u0107 1. Opatrzno\u015b\u0107 odnowy w rodzinie Adama 1.1 Podstawa Wiary 1.2 Podstawa Wcielenia 1.3 Podstawa Przyj\u0119cia Mesjasza w rodzinie Adama 1.4 Nauka p\u0142yn\u0105ca z historii rodziny Adama Cz\u0119\u015b\u0107 2. Opatrzno\u015b\u0107 odnowy w rodzinie Noego 2.1 Podstawa Wiary 2.1.1 Posta\u0107 centralna Podstawy Wiary 2.1.2 Obiekt ofiarny w odnowie Podstawy Wiary 2.2 Podstawa Wcielenia 2.3&hellip;<\/p>\n","protected":false},"author":3,"featured_media":31581,"parent":25351,"menu_order":11,"comment_status":"closed","ping_status":"closed","template":"","meta":{"_acf_changed":false,"footnotes":""},"class_list":["post-28425","page","type-page","status-publish","has-post-thumbnail","hentry"],"acf":[],"yoast_head":"<!-- This site is optimized with the Yoast SEO plugin v26.8 - https:\/\/yoast.com\/product\/yoast-seo-wordpress\/ -->\n<title>Rozdzia\u0142 1. Opatrzno\u015b\u0107 ustanawiania podstawy dla odnowy - Przedstawienie Boskiej Zasady<\/title>\n<meta name=\"robots\" content=\"index, follow, max-snippet:-1, max-image-preview:large, max-video-preview:-1\" \/>\n<link rel=\"canonical\" href=\"https:\/\/principle.study\/pl\/bz\/opatrznosc-ustanawiania-podstawy-dla-odnowy\/\" \/>\n<meta property=\"og:locale\" content=\"pl_PL\" \/>\n<meta property=\"og:type\" content=\"article\" \/>\n<meta property=\"og:title\" content=\"Rozdzia\u0142 1. Opatrzno\u015b\u0107 ustanawiania podstawy dla odnowy - Przedstawienie Boskiej Zasady\" \/>\n<meta property=\"og:description\" content=\"\uc81c1\uc7a5 \ubcf5\uadc0\uae30\ub300\uc12d\ub9ac\uc2dc\ub300 Cz\u0119\u015b\u0107 1. Opatrzno\u015b\u0107 odnowy w rodzinie Adama 1.1 Podstawa Wiary 1.2 Podstawa Wcielenia 1.3 Podstawa Przyj\u0119cia Mesjasza w rodzinie Adama 1.4 Nauka p\u0142yn\u0105ca z historii rodziny Adama Cz\u0119\u015b\u0107 2. Opatrzno\u015b\u0107 odnowy w rodzinie Noego 2.1 Podstawa Wiary 2.1.1 Posta\u0107 centralna Podstawy Wiary 2.1.2 Obiekt ofiarny w odnowie Podstawy Wiary 2.2 Podstawa Wcielenia 2.3&hellip;\" \/>\n<meta property=\"og:url\" content=\"https:\/\/principle.study\/pl\/bz\/opatrznosc-ustanawiania-podstawy-dla-odnowy\/\" \/>\n<meta property=\"og:site_name\" content=\"Badanie i praktyka Zasady\" \/>\n<meta property=\"article:publisher\" content=\"https:\/\/www.facebook.com\/people\/--\/100071895999577\/\" \/>\n<meta property=\"article:modified_time\" content=\"2024-09-18T19:50:39+00:00\" \/>\n<meta property=\"og:image\" content=\"https:\/\/principle.study\/wp-content\/uploads\/2024\/02\/1-0-pl-providence-to-lay-the-foundation.png\" \/>\n\t<meta property=\"og:image:width\" content=\"1200\" \/>\n\t<meta property=\"og:image:height\" content=\"630\" \/>\n\t<meta property=\"og:image:type\" content=\"image\/png\" \/>\n<meta name=\"twitter:card\" content=\"summary_large_image\" \/>\n<script type=\"application\/ld+json\" class=\"yoast-schema-graph\">{\"@context\":\"https:\/\/schema.org\",\"@graph\":[{\"@type\":\"ScholarlyArticle\",\"@id\":\"https:\/\/principle.study\/pl\/bz\/opatrznosc-ustanawiania-podstawy-dla-odnowy\/#article\",\"isPartOf\":{\"@id\":\"https:\/\/principle.study\/pl\/bz\/opatrznosc-ustanawiania-podstawy-dla-odnowy\/\"},\"author\":{\"name\":\"jforelander\",\"@id\":\"https:\/\/principle.study\/pl\/#\/schema\/person\/75b5214cd4e52851b4f36a4e98610e00\"},\"headline\":\"Rozdzia\u0142 1. Opatrzno\u015b\u0107 ustanawiania podstawy dla odnowy\",\"datePublished\":\"2024-01-01T16:40:02+00:00\",\"dateModified\":\"2024-09-18T19:50:39+00:00\",\"mainEntityOfPage\":{\"@id\":\"https:\/\/principle.study\/pl\/bz\/opatrznosc-ustanawiania-podstawy-dla-odnowy\/\"},\"wordCount\":108,\"publisher\":{\"@id\":\"https:\/\/principle.study\/pl\/#organization\"},\"image\":{\"@id\":\"https:\/\/principle.study\/pl\/bz\/opatrznosc-ustanawiania-podstawy-dla-odnowy\/#primaryimage\"},\"thumbnailUrl\":\"https:\/\/principle.study\/wp-content\/uploads\/2024\/02\/1-0-pl-providence-to-lay-the-foundation.png\",\"inLanguage\":\"pl-PL\"},{\"@type\":\"WebPage\",\"@id\":\"https:\/\/principle.study\/pl\/bz\/opatrznosc-ustanawiania-podstawy-dla-odnowy\/\",\"url\":\"https:\/\/principle.study\/pl\/bz\/opatrznosc-ustanawiania-podstawy-dla-odnowy\/\",\"name\":\"Rozdzia\u0142 1. Opatrzno\u015b\u0107 ustanawiania podstawy dla odnowy - Przedstawienie Boskiej Zasady\",\"isPartOf\":{\"@id\":\"https:\/\/principle.study\/pl\/#website\"},\"primaryImageOfPage\":{\"@id\":\"https:\/\/principle.study\/pl\/bz\/opatrznosc-ustanawiania-podstawy-dla-odnowy\/#primaryimage\"},\"image\":{\"@id\":\"https:\/\/principle.study\/pl\/bz\/opatrznosc-ustanawiania-podstawy-dla-odnowy\/#primaryimage\"},\"thumbnailUrl\":\"https:\/\/principle.study\/wp-content\/uploads\/2024\/02\/1-0-pl-providence-to-lay-the-foundation.png\",\"datePublished\":\"2024-01-01T16:40:02+00:00\",\"dateModified\":\"2024-09-18T19:50:39+00:00\",\"breadcrumb\":{\"@id\":\"https:\/\/principle.study\/pl\/bz\/opatrznosc-ustanawiania-podstawy-dla-odnowy\/#breadcrumb\"},\"inLanguage\":\"pl-PL\",\"potentialAction\":[{\"@type\":\"ReadAction\",\"target\":[\"https:\/\/principle.study\/pl\/bz\/opatrznosc-ustanawiania-podstawy-dla-odnowy\/\"]}]},{\"@type\":\"ImageObject\",\"inLanguage\":\"pl-PL\",\"@id\":\"https:\/\/principle.study\/pl\/bz\/opatrznosc-ustanawiania-podstawy-dla-odnowy\/#primaryimage\",\"url\":\"https:\/\/principle.study\/wp-content\/uploads\/2024\/02\/1-0-pl-providence-to-lay-the-foundation.png\",\"contentUrl\":\"https:\/\/principle.study\/wp-content\/uploads\/2024\/02\/1-0-pl-providence-to-lay-the-foundation.png\",\"width\":1200,\"height\":630,\"caption\":\"Rozdzia\u0142 1. Opatrzno\u015b\u0107 ustanawiania podstawy dla odnowy\"},{\"@type\":\"BreadcrumbList\",\"@id\":\"https:\/\/principle.study\/pl\/bz\/opatrznosc-ustanawiania-podstawy-dla-odnowy\/#breadcrumb\",\"itemListElement\":[{\"@type\":\"ListItem\",\"position\":1,\"name\":\"\u0413\u043e\u043b\u043e\u0432\u043d\u0430 \u0421\u0442\u043e\u0440\u0456\u043d\u043a\u0430\",\"item\":\"https:\/\/principle.study\/pl\/bz\/\"},{\"@type\":\"ListItem\",\"position\":2,\"name\":\"Przedstawienie Boskiej Zasady\",\"item\":\"https:\/\/principle.study\/pl\/bz\/\"},{\"@type\":\"ListItem\",\"position\":3,\"name\":\"Rozdzia\u0142 1. Opatrzno\u015b\u0107 ustanawiania podstawy dla odnowy\"}]},{\"@type\":\"WebSite\",\"@id\":\"https:\/\/principle.study\/pl\/#website\",\"url\":\"https:\/\/principle.study\/pl\/\",\"name\":\"%%sitename%%\",\"description\":\"Badanie i praktyka Zasady\",\"publisher\":{\"@id\":\"https:\/\/principle.study\/pl\/#organization\"},\"potentialAction\":[{\"@type\":\"SearchAction\",\"target\":{\"@type\":\"EntryPoint\",\"urlTemplate\":\"https:\/\/principle.study\/pl\/?s={search_term_string}\"},\"query-input\":{\"@type\":\"PropertyValueSpecification\",\"valueRequired\":true,\"valueName\":\"search_term_string\"}}],\"inLanguage\":\"pl-PL\"},{\"@type\":\"Organization\",\"@id\":\"https:\/\/principle.study\/pl\/#organization\",\"name\":\"HP Words\",\"url\":\"https:\/\/principle.study\/pl\/\",\"logo\":{\"@type\":\"ImageObject\",\"inLanguage\":\"pl-PL\",\"@id\":\"https:\/\/principle.study\/pl\/#\/schema\/logo\/image\/\",\"url\":\"https:\/\/principle.study\/wp-content\/uploads\/2022\/01\/hp-words-logo512.png\",\"contentUrl\":\"https:\/\/principle.study\/wp-content\/uploads\/2022\/01\/hp-words-logo512.png\",\"width\":512,\"height\":512,\"caption\":\"HP Words\"},\"image\":{\"@id\":\"https:\/\/principle.study\/pl\/#\/schema\/logo\/image\/\"},\"sameAs\":[\"https:\/\/www.facebook.com\/people\/--\/100071895999577\/\"]},{\"@type\":\"Person\",\"@id\":\"https:\/\/principle.study\/pl\/#\/schema\/person\/75b5214cd4e52851b4f36a4e98610e00\",\"name\":\"jforelander\",\"image\":{\"@type\":\"ImageObject\",\"inLanguage\":\"pl-PL\",\"@id\":\"https:\/\/principle.study\/pl\/#\/schema\/person\/image\/\",\"url\":\"https:\/\/secure.gravatar.com\/avatar\/450fc96bdb2b87efd3ceed7ef5f9420220f522bcf4b951feb01c6b32f0ac44a3?s=96&d=mm&r=g\",\"contentUrl\":\"https:\/\/secure.gravatar.com\/avatar\/450fc96bdb2b87efd3ceed7ef5f9420220f522bcf4b951feb01c6b32f0ac44a3?s=96&d=mm&r=g\",\"caption\":\"jforelander\"}}]}<\/script>\n<!-- \/ Yoast SEO plugin. -->","yoast_head_json":{"title":"Rozdzia\u0142 1. Opatrzno\u015b\u0107 ustanawiania podstawy dla odnowy - Przedstawienie Boskiej Zasady","robots":{"index":"index","follow":"follow","max-snippet":"max-snippet:-1","max-image-preview":"max-image-preview:large","max-video-preview":"max-video-preview:-1"},"canonical":"https:\/\/principle.study\/pl\/bz\/opatrznosc-ustanawiania-podstawy-dla-odnowy\/","og_locale":"pl_PL","og_type":"article","og_title":"Rozdzia\u0142 1. Opatrzno\u015b\u0107 ustanawiania podstawy dla odnowy - Przedstawienie Boskiej Zasady","og_description":"\uc81c1\uc7a5 \ubcf5\uadc0\uae30\ub300\uc12d\ub9ac\uc2dc\ub300 Cz\u0119\u015b\u0107 1. Opatrzno\u015b\u0107 odnowy w rodzinie Adama 1.1 Podstawa Wiary 1.2 Podstawa Wcielenia 1.3 Podstawa Przyj\u0119cia Mesjasza w rodzinie Adama 1.4 Nauka p\u0142yn\u0105ca z historii rodziny Adama Cz\u0119\u015b\u0107 2. Opatrzno\u015b\u0107 odnowy w rodzinie Noego 2.1 Podstawa Wiary 2.1.1 Posta\u0107 centralna Podstawy Wiary 2.1.2 Obiekt ofiarny w odnowie Podstawy Wiary 2.2 Podstawa Wcielenia 2.3&hellip;","og_url":"https:\/\/principle.study\/pl\/bz\/opatrznosc-ustanawiania-podstawy-dla-odnowy\/","og_site_name":"Badanie i praktyka Zasady","article_publisher":"https:\/\/www.facebook.com\/people\/--\/100071895999577\/","article_modified_time":"2024-09-18T19:50:39+00:00","og_image":[{"width":1200,"height":630,"url":"https:\/\/principle.study\/wp-content\/uploads\/2024\/02\/1-0-pl-providence-to-lay-the-foundation.png","type":"image\/png"}],"twitter_card":"summary_large_image","schema":{"@context":"https:\/\/schema.org","@graph":[{"@type":"ScholarlyArticle","@id":"https:\/\/principle.study\/pl\/bz\/opatrznosc-ustanawiania-podstawy-dla-odnowy\/#article","isPartOf":{"@id":"https:\/\/principle.study\/pl\/bz\/opatrznosc-ustanawiania-podstawy-dla-odnowy\/"},"author":{"name":"jforelander","@id":"https:\/\/principle.study\/pl\/#\/schema\/person\/75b5214cd4e52851b4f36a4e98610e00"},"headline":"Rozdzia\u0142 1. Opatrzno\u015b\u0107 ustanawiania podstawy dla odnowy","datePublished":"2024-01-01T16:40:02+00:00","dateModified":"2024-09-18T19:50:39+00:00","mainEntityOfPage":{"@id":"https:\/\/principle.study\/pl\/bz\/opatrznosc-ustanawiania-podstawy-dla-odnowy\/"},"wordCount":108,"publisher":{"@id":"https:\/\/principle.study\/pl\/#organization"},"image":{"@id":"https:\/\/principle.study\/pl\/bz\/opatrznosc-ustanawiania-podstawy-dla-odnowy\/#primaryimage"},"thumbnailUrl":"https:\/\/principle.study\/wp-content\/uploads\/2024\/02\/1-0-pl-providence-to-lay-the-foundation.png","inLanguage":"pl-PL"},{"@type":"WebPage","@id":"https:\/\/principle.study\/pl\/bz\/opatrznosc-ustanawiania-podstawy-dla-odnowy\/","url":"https:\/\/principle.study\/pl\/bz\/opatrznosc-ustanawiania-podstawy-dla-odnowy\/","name":"Rozdzia\u0142 1. Opatrzno\u015b\u0107 ustanawiania podstawy dla odnowy - Przedstawienie Boskiej Zasady","isPartOf":{"@id":"https:\/\/principle.study\/pl\/#website"},"primaryImageOfPage":{"@id":"https:\/\/principle.study\/pl\/bz\/opatrznosc-ustanawiania-podstawy-dla-odnowy\/#primaryimage"},"image":{"@id":"https:\/\/principle.study\/pl\/bz\/opatrznosc-ustanawiania-podstawy-dla-odnowy\/#primaryimage"},"thumbnailUrl":"https:\/\/principle.study\/wp-content\/uploads\/2024\/02\/1-0-pl-providence-to-lay-the-foundation.png","datePublished":"2024-01-01T16:40:02+00:00","dateModified":"2024-09-18T19:50:39+00:00","breadcrumb":{"@id":"https:\/\/principle.study\/pl\/bz\/opatrznosc-ustanawiania-podstawy-dla-odnowy\/#breadcrumb"},"inLanguage":"pl-PL","potentialAction":[{"@type":"ReadAction","target":["https:\/\/principle.study\/pl\/bz\/opatrznosc-ustanawiania-podstawy-dla-odnowy\/"]}]},{"@type":"ImageObject","inLanguage":"pl-PL","@id":"https:\/\/principle.study\/pl\/bz\/opatrznosc-ustanawiania-podstawy-dla-odnowy\/#primaryimage","url":"https:\/\/principle.study\/wp-content\/uploads\/2024\/02\/1-0-pl-providence-to-lay-the-foundation.png","contentUrl":"https:\/\/principle.study\/wp-content\/uploads\/2024\/02\/1-0-pl-providence-to-lay-the-foundation.png","width":1200,"height":630,"caption":"Rozdzia\u0142 1. Opatrzno\u015b\u0107 ustanawiania podstawy dla odnowy"},{"@type":"BreadcrumbList","@id":"https:\/\/principle.study\/pl\/bz\/opatrznosc-ustanawiania-podstawy-dla-odnowy\/#breadcrumb","itemListElement":[{"@type":"ListItem","position":1,"name":"\u0413\u043e\u043b\u043e\u0432\u043d\u0430 \u0421\u0442\u043e\u0440\u0456\u043d\u043a\u0430","item":"https:\/\/principle.study\/pl\/bz\/"},{"@type":"ListItem","position":2,"name":"Przedstawienie Boskiej Zasady","item":"https:\/\/principle.study\/pl\/bz\/"},{"@type":"ListItem","position":3,"name":"Rozdzia\u0142 1. Opatrzno\u015b\u0107 ustanawiania podstawy dla odnowy"}]},{"@type":"WebSite","@id":"https:\/\/principle.study\/pl\/#website","url":"https:\/\/principle.study\/pl\/","name":"%%sitename%%","description":"Badanie i praktyka Zasady","publisher":{"@id":"https:\/\/principle.study\/pl\/#organization"},"potentialAction":[{"@type":"SearchAction","target":{"@type":"EntryPoint","urlTemplate":"https:\/\/principle.study\/pl\/?s={search_term_string}"},"query-input":{"@type":"PropertyValueSpecification","valueRequired":true,"valueName":"search_term_string"}}],"inLanguage":"pl-PL"},{"@type":"Organization","@id":"https:\/\/principle.study\/pl\/#organization","name":"HP Words","url":"https:\/\/principle.study\/pl\/","logo":{"@type":"ImageObject","inLanguage":"pl-PL","@id":"https:\/\/principle.study\/pl\/#\/schema\/logo\/image\/","url":"https:\/\/principle.study\/wp-content\/uploads\/2022\/01\/hp-words-logo512.png","contentUrl":"https:\/\/principle.study\/wp-content\/uploads\/2022\/01\/hp-words-logo512.png","width":512,"height":512,"caption":"HP Words"},"image":{"@id":"https:\/\/principle.study\/pl\/#\/schema\/logo\/image\/"},"sameAs":["https:\/\/www.facebook.com\/people\/--\/100071895999577\/"]},{"@type":"Person","@id":"https:\/\/principle.study\/pl\/#\/schema\/person\/75b5214cd4e52851b4f36a4e98610e00","name":"jforelander","image":{"@type":"ImageObject","inLanguage":"pl-PL","@id":"https:\/\/principle.study\/pl\/#\/schema\/person\/image\/","url":"https:\/\/secure.gravatar.com\/avatar\/450fc96bdb2b87efd3ceed7ef5f9420220f522bcf4b951feb01c6b32f0ac44a3?s=96&d=mm&r=g","contentUrl":"https:\/\/secure.gravatar.com\/avatar\/450fc96bdb2b87efd3ceed7ef5f9420220f522bcf4b951feb01c6b32f0ac44a3?s=96&d=mm&r=g","caption":"jforelander"}}]}},"_links":{"self":[{"href":"https:\/\/principle.study\/pl\/wp-json\/wp\/v2\/pages\/28425","targetHints":{"allow":["GET"]}}],"collection":[{"href":"https:\/\/principle.study\/pl\/wp-json\/wp\/v2\/pages"}],"about":[{"href":"https:\/\/principle.study\/pl\/wp-json\/wp\/v2\/types\/page"}],"author":[{"embeddable":true,"href":"https:\/\/principle.study\/pl\/wp-json\/wp\/v2\/users\/3"}],"replies":[{"embeddable":true,"href":"https:\/\/principle.study\/pl\/wp-json\/wp\/v2\/comments?post=28425"}],"version-history":[{"count":0,"href":"https:\/\/principle.study\/pl\/wp-json\/wp\/v2\/pages\/28425\/revisions"}],"up":[{"embeddable":true,"href":"https:\/\/principle.study\/pl\/wp-json\/wp\/v2\/pages\/25351"}],"wp:featuredmedia":[{"embeddable":true,"href":"https:\/\/principle.study\/pl\/wp-json\/wp\/v2\/media\/31581"}],"wp:attachment":[{"href":"https:\/\/principle.study\/pl\/wp-json\/wp\/v2\/media?parent=28425"}],"curies":[{"name":"wp","href":"https:\/\/api.w.org\/{rel}","templated":true}]}}