{"id":25354,"date":"2023-11-28T17:27:12","date_gmt":"2023-11-28T15:27:12","guid":{"rendered":"https:\/\/hpwords.com\/?page_id=25354"},"modified":"2024-02-02T16:06:23","modified_gmt":"2024-02-02T14:06:23","slug":"przedmowa","status":"publish","type":"page","link":"https:\/\/principle.study\/pl\/bz\/przedmowa\/","title":{"rendered":"Przedmowa"},"content":{"rendered":"<p>Tekst, kt&oacute;ry trzymaj&#261; Pa&#324;stwo w r&#281;ku, zawiera przekaz Boskiej Zasady, nauczania Wielebnego Sun Myung Moona. Najwcze&#347;niejszy r&#281;kopis Boskiej Zasady zagin&#261;&#322; w Korei P&oacute;&#322;nocnej w czasie Wojny Korea&#324;skiej. Po przybyciu jako uchod&#378;ca do Pusan, Wielebny Moon napisa&#322; i podyktowa&#322; manuskrypt zatytu&#322;owany Wolli Wonbon (Pierwotny Tekst Boskiej Zasady). Nast&#281;pnie duchowo prowadzi&#322; Hyo Won Eu, pierwszego prezydenta Ko&#347;cio&#322;a Zjednoczeniowego w Korei, w pracy nad przygotowaniem bardziej usystematyzowanego wyk&#322;adu jego nauki, wzbogacaj&#261;c j&#261; przyk&#322;adami biblijnymi, historycznymi i naukowymi. Wielebny Moon udzieli&#322; prezydentowi Eu dok&#322;adnych instrukcji dotycz&#261;cych tre&#347;ci tych tekst&oacute;w, a tak&#380;e sam skrupulatnie je sprawdzi&#322;. Wysi&#322;ki te zaowocowa&#322;y dzie&#322;em Wolli Hesul (Wyja&#347;nienie Boskiej Zasady) opublikowanym w 1957 r. a nast&#281;pnie Wolli Kangron (Przedstawienie Boskiej Zasady), wydanym w 1966 r. Na przestrzeni ostatnich trzydziestu lat, Wolli Kangron by&#322; tekstem zawieraj&#261;cym podstawowe nauczanie Wielebnego Moona.<\/p>\n\n\n\n<p>Exposition of the Divine Principle (1996) jest nowym autoryzowanym angielskim t&#322;umaczeniem Wolli Kangron. Pierwszego angielskiego przek&#322;adu, zatytu&#322;owanego The Divine Principle (Boska Zasada) dokona&#322;a dr Won Pok Choi w roku 1973. Dr Choi pracowa&#322;a z du&#380;&#261; erudycj&#261;, aby wybra&#263; w&#322;a&#347;ciw&#261; terminologi&#281; i przekaza&#263; z&#322;o&#380;on&#261; my&#347;l tekstu. &#346;wiadoma jego &#347;wi&#281;tego charakteru, postawi&#322;a sobie za cel dokonanie dos&#322;ownego t&#322;umaczenia. Dzi&#281;ki tej pracy, stworzy&#322;a ona podwaliny dla nauczania Boskiej Zasady w &#347;wiecie zachodnim. Kiedy Wielebny Moon zleci&#322; podj&#281;cie pracy nad nowym przek&#322;adem, w uznaniu dla pionierskiej pracy dr Choi zastrzeg&#322;, aby t&#322;umacze brali pod uwag&#281; jej rady. Dr Choi udzieli&#322;a wielu konstruktywnych wskaz&oacute;wek i odegra&#322;a aktywn&#261; rol&#281; w ulepszeniu t&#322;umaczenia. W znacznej mierze to jej r&#281;ce wiod&#322;y ten projekt.<\/p>\n\n\n\n<p>Pracuj&#261;c nad angielskim przek&#322;adem, t&#322;umacze starali si&#281; przede wszystkim jak najwierniej odda&#263; znaczenie korea&#324;skiego tekstu w spos&oacute;b jasny i przejrzysty dla j&#281;zyka angielskiego. Styl tekstu korea&#324;skiego, staraj&#261;c si&#281; na&#347;ladowa&#263; najwy&#380;sze formy erudycji tamtych czas&oacute;w, opiera si&#281; na d&#322;ugich i skomplikowanych zdaniach, z licznymi przyk&#322;adami zda&#324; podrz&#281;dnych, wyra&#380;aj&#261;cych z&#322;o&#380;one relacje. Wydaje si&#281; niemo&#380;liwym, by wyrazi&#263; wszystkie te niuanse w zwartej, linearnej strukturze wsp&oacute;&#322;czesnego j&#281;zyka angielskiego. Podczas gdy wsp&oacute;&#322;czesny j&#281;zyk angielski pragnie jasno wyrazi&#263; ka&#380;d&#261; my&#347;l w jednoznacznym stwierdzeniu, &oacute;wczesny j&#281;zyk korea&#324;ski by przekaza&#263; znaczenie, cz&#281;sto wyra&#380;a my&#347;l w spos&oacute;b lu&#378;ny i dynamiczny, posi&#322;kuj&#261;c si&#281; metafor&#261; i kontekstem. W tych miejscach, gdzie dos&#322;owne t&#322;umaczenie w spos&oacute;b niedostateczny wyra&#380;a&#322;o my&#347;l i rozumowanie tekstu, dokonano reorganizacji porz&#261;dku my&#347;li na mod&#322;&#281; bardziej odpowiedni&#261; dla zachodniego umys&#322;u. Czasami odwo&#322;ywano si&#281; raczej do tw&oacute;rczej frazeologii ni&#380; s&#322;ownikowych definicji, by wydoby&#263; podobne poj&#281;cia, uczucia i kulturowe skojarzenia. Ponadto, Boska Zasada u&#380;ywa techniczn&#261; terminologi&#281; i nadaje charakterystyczne znaczenia dla pewnych potocznych s&#322;&oacute;w. Wsz&#281;dzie tam, gdzie to mo&#380;liwe, do tego t&#322;umaczenia czerpano z powszechnego s&#322;ownictwa angielskiego, staraj&#261;c si&#281; nie tworzy&#263; nowych termin&oacute;w teologicznych. Zatem zwyk&#322;ym s&#322;owom nadano charakterystyczne znaczenia, na przyk&#322;ad: &bdquo;odszkodowanie&rdquo;, &bdquo;warunek&rdquo; i &bdquo;podstawa&rdquo;. W&#322;a&#347;ciwe zrozumienie wymaga zwr&oacute;cenia uwagi na ich szczeg&oacute;lne u&#380;ycie w tek&#347;cie.<\/p>\n\n\n\n<p>Czas i kontekst kulturowy tej ksi&#261;&#380;ki stanowi&#322; kolejny problem dla t&#322;umaczy. Zosta&#322;a ona napisana w latach sze&#347;&#263;dziesi&#261;tych XX wieku, kiedy komunizm nadal stanowi&#322; &#347;wiatowe zagro&#380;enie, a chrze&#347;cija&#324;stwo by&#322;o jeszcze wci&#261;&#380; przekonane o swojej wy&#380;szo&#347;ci kulturowej i nieustaj&#261;cej ekspansji. Mimo, &#380;e te i inne zjawiska charakterystyczne dla tamtego okresu czasu mog&#322;y ulec zmianie w ci&#261;gu minionych dziesi&#281;cioleci, mamy jednak zachowan&#261; pierwotn&#261; perspektyw&#281; tekstu. Bo&#380;a Opatrzno&#347;&#263; ca&#322;y czas posuwa si&#281; do przodu tak, jak wyja&#347;niono to w Boskiej Zasadzie. W pewnym sensie, ta nowa wersja stara si&#281; osi&#261;gn&#261;&#263; wi&#281;cej ni&#380; wcze&#347;niejsze t&#322;umaczenie. W latach sze&#347;&#263;dziesi&#261;tych XX wieku, kiedy Kore&#281; nadal odbudowywano po zniszczeniach wojny korea&#324;skiej, wci&#261;&#380; by&#322; niedostatek historycznych i naukowych tekst&oacute;w, kt&oacute;re mo&#380;na by&#322;o studiowa&#263;. To utrudnia&#322;o prezydentowi Eu jego wysi&#322;ki, aby u&#380;y&#263; odpowiednie naukowe i historyczne przyk&#322;ady, kt&oacute;re pos&#322;u&#380;y&#322;y mu do pokazania jak dzia&#322;a Boska Zasada w przyrodzie i historii. Upowa&#380;nieni przez Wielebnego Moona, pod kierownictwem dr Choi, t&#322;umacze oparli si&#281; na wiedzy naukowc&oacute;w z r&oacute;&#380;nych dziedzin i poczynili minimalne, niezb&#281;dne zmiany w niekt&oacute;rych przyk&#322;adach naukowych, historycznych i biblijnych. Niemniej jednak, w ca&#322;ym t&#322;umaczeniu przestrzegano &#347;ci&#347;le &#380;yczenia wielebnego Moona, aby sp&oacute;jno&#347;&#263; i czysto&#347;&#263; tekstu zosta&#322;y zachowane. Ostatecznie, nowe t&#322;umaczenie zosta&#322;o dok&#322;adnie i obszernie zrecenzowane przez starszych ko&#347;cio&#322;a Wielebnego Young Whi Kima i Wielebnego Chung Hwan Kwaka oraz otrzyma&#322;o ich b&#322;ogos&#322;awie&#324;stwo.<\/p>\n\n\n\n<p>W ulepszonej kolorowej wersji, kolory s&#261; oparte na trzydziestej dziewi&#261;tej korea&#324;skiej edycji Wolli Kangron, a zosta&#322;y przygotowane przez Pani&#261; Gil Ja Sa Eu. G&#322;&oacute;wne idee s&#261; zacieniowane <span class=\"dp-red\">na czerwono,<\/span> tematy drugiego szeregu &ndash; <span class=\"dp-blue\">na niebiesko,<\/span> a tematy trzeciego stopnia &mdash; <span class=\"dp-yellow\">na &#380;&oacute;&#322;to.<\/span> Czytelnik mo&#380;e zrozumie&#263; g&#322;&oacute;wny w&#261;tek nauczania Boskiej Zasady, w kr&oacute;tkim czasie, czytaj&#261;c tylko czerwony tekst. Czytanie razem czerwonego i niebieskiego tekstu zapewnia bogatsze ramy. Czytaj&#261;c wszystkie trzy kolory razem mo&#380;na mie&#263; pe&#322;niejszy obraz, w tym wiele przyk&#322;ad&oacute;w. Aby uzyska&#263; najpe&#322;niejsze zrozumienie, tekst musi by&#263; studiowany w ca&#322;o&#347;ci. Jednak nawet je&#380;eli czytamy ca&#322;y tekst, fragmenty zacienione na czerwono mog&#261; pom&oacute;c pod&#261;&#380;a&#263; za g&#322;&oacute;wnym tokiem rozumowania.<\/p>\n\n\n\n<p>Przedstawienie Boskiej Zasady wyra&#380;a prawd&#281;, kt&oacute;ra jest uniwersalna. Dziedziczy ona i opiera si&#281; na podstawowych prawdach, kt&oacute;re B&oacute;g objawi&#322; w &#380;ydowskich i chrze&#347;cija&#324;skich pismach oraz obejmuje g&#322;&#281;bok&#261; m&#261;dro&#347;&#263; Orientu. Poprzez to t&#322;umaczenie, mamy nadziej&#281;, &#380;e g&#322;&#281;bokie przes&#322;anie Boskiej Zasady mo&#380;e by&#263; lepiej zrozumiane w &#347;wiecie zachodnim.<\/p>\n\n\n\n<p>Zesp&oacute;&#322; Redakcyjny T&#322;umaczenia Boskiej Zasady<br>Marzec 1996<\/p>\n\n\n<div class=\"alignright\"><a href=\"https:\/\/principle.study\/pl\/bz\/wprowadzenie\/\" title=\"Wprowadzenie\"><p style=\"font-size: 72px; text-align: center; margin-bottom: -32px;\">\u2192<\/p><br><p class=\"has-large-font-size\">Wprowadzenie<\/p><\/a><\/div>","protected":false},"excerpt":{"rendered":"<p>Tekst, kt\u00f3ry trzymaj\u0105 Pa\u0144stwo w r\u0119ku, zawiera przekaz Boskiej Zasady, nauczania Wielebnego Sun Myung Moona. Najwcze\u015bniejszy r\u0119kopis Boskiej Zasady zagin\u0105\u0142 w Korei P\u00f3\u0142nocnej w czasie Wojny Korea\u0144skiej. Po przybyciu jako uchod\u017aca do Pusan, Wielebny Moon napisa\u0142 i podyktowa\u0142 manuskrypt zatytu\u0142owany Wolli Wonbon (Pierwotny Tekst Boskiej Zasady). Nast\u0119pnie duchowo prowadzi\u0142 Hyo Won Eu, pierwszego prezydenta Ko\u015bcio\u0142a&hellip;<\/p>\n","protected":false},"author":3,"featured_media":31349,"parent":25351,"menu_order":1,"comment_status":"closed","ping_status":"closed","template":"","meta":{"_acf_changed":false,"footnotes":""},"class_list":["post-25354","page","type-page","status-publish","has-post-thumbnail","hentry"],"acf":[],"yoast_head":"<!-- This site is optimized with the Yoast SEO plugin v26.8 - https:\/\/yoast.com\/product\/yoast-seo-wordpress\/ -->\n<title>Przedmowa - Badanie i praktyka Zasady<\/title>\n<meta name=\"robots\" content=\"index, follow, max-snippet:-1, max-image-preview:large, max-video-preview:-1\" \/>\n<link rel=\"canonical\" href=\"https:\/\/principle.study\/pl\/bz\/przedmowa\/\" \/>\n<meta property=\"og:locale\" content=\"pl_PL\" \/>\n<meta property=\"og:type\" content=\"article\" \/>\n<meta property=\"og:title\" content=\"Przedmowa - Badanie i praktyka Zasady\" \/>\n<meta property=\"og:description\" content=\"Tekst, kt\u00f3ry trzymaj\u0105 Pa\u0144stwo w r\u0119ku, zawiera przekaz Boskiej Zasady, nauczania Wielebnego Sun Myung Moona. Najwcze\u015bniejszy r\u0119kopis Boskiej Zasady zagin\u0105\u0142 w Korei P\u00f3\u0142nocnej w czasie Wojny Korea\u0144skiej. Po przybyciu jako uchod\u017aca do Pusan, Wielebny Moon napisa\u0142 i podyktowa\u0142 manuskrypt zatytu\u0142owany Wolli Wonbon (Pierwotny Tekst Boskiej Zasady). Nast\u0119pnie duchowo prowadzi\u0142 Hyo Won Eu, pierwszego prezydenta Ko\u015bcio\u0142a&hellip;\" \/>\n<meta property=\"og:url\" content=\"https:\/\/principle.study\/pl\/bz\/przedmowa\/\" \/>\n<meta property=\"og:site_name\" content=\"Badanie i praktyka Zasady\" \/>\n<meta property=\"article:publisher\" content=\"https:\/\/www.facebook.com\/people\/--\/100071895999577\/\" \/>\n<meta property=\"article:modified_time\" content=\"2024-02-02T14:06:23+00:00\" \/>\n<meta property=\"og:image\" content=\"https:\/\/principle.study\/wp-content\/uploads\/2024\/02\/0-pl-przedmowa.png\" \/>\n\t<meta property=\"og:image:width\" content=\"1200\" \/>\n\t<meta property=\"og:image:height\" content=\"630\" \/>\n\t<meta property=\"og:image:type\" content=\"image\/png\" \/>\n<meta name=\"twitter:card\" content=\"summary_large_image\" \/>\n<script type=\"application\/ld+json\" class=\"yoast-schema-graph\">{\"@context\":\"https:\/\/schema.org\",\"@graph\":[{\"@type\":\"ScholarlyArticle\",\"@id\":\"https:\/\/principle.study\/pl\/bz\/przedmowa\/#article\",\"isPartOf\":{\"@id\":\"https:\/\/principle.study\/pl\/bz\/przedmowa\/\"},\"author\":{\"name\":\"jforelander\",\"@id\":\"https:\/\/principle.study\/pl\/#\/schema\/person\/75b5214cd4e52851b4f36a4e98610e00\"},\"headline\":\"Przedmowa\",\"datePublished\":\"2023-11-28T15:27:12+00:00\",\"dateModified\":\"2024-02-02T14:06:23+00:00\",\"mainEntityOfPage\":{\"@id\":\"https:\/\/principle.study\/pl\/bz\/przedmowa\/\"},\"wordCount\":1012,\"publisher\":{\"@id\":\"https:\/\/principle.study\/pl\/#organization\"},\"image\":{\"@id\":\"https:\/\/principle.study\/pl\/bz\/przedmowa\/#primaryimage\"},\"thumbnailUrl\":\"https:\/\/principle.study\/wp-content\/uploads\/2024\/02\/0-pl-przedmowa.png\",\"inLanguage\":\"pl-PL\"},{\"@type\":\"WebPage\",\"@id\":\"https:\/\/principle.study\/pl\/bz\/przedmowa\/\",\"url\":\"https:\/\/principle.study\/pl\/bz\/przedmowa\/\",\"name\":\"Przedmowa - Badanie i praktyka Zasady\",\"isPartOf\":{\"@id\":\"https:\/\/principle.study\/pl\/#website\"},\"primaryImageOfPage\":{\"@id\":\"https:\/\/principle.study\/pl\/bz\/przedmowa\/#primaryimage\"},\"image\":{\"@id\":\"https:\/\/principle.study\/pl\/bz\/przedmowa\/#primaryimage\"},\"thumbnailUrl\":\"https:\/\/principle.study\/wp-content\/uploads\/2024\/02\/0-pl-przedmowa.png\",\"datePublished\":\"2023-11-28T15:27:12+00:00\",\"dateModified\":\"2024-02-02T14:06:23+00:00\",\"breadcrumb\":{\"@id\":\"https:\/\/principle.study\/pl\/bz\/przedmowa\/#breadcrumb\"},\"inLanguage\":\"pl-PL\",\"potentialAction\":[{\"@type\":\"ReadAction\",\"target\":[\"https:\/\/principle.study\/pl\/bz\/przedmowa\/\"]}]},{\"@type\":\"ImageObject\",\"inLanguage\":\"pl-PL\",\"@id\":\"https:\/\/principle.study\/pl\/bz\/przedmowa\/#primaryimage\",\"url\":\"https:\/\/principle.study\/wp-content\/uploads\/2024\/02\/0-pl-przedmowa.png\",\"contentUrl\":\"https:\/\/principle.study\/wp-content\/uploads\/2024\/02\/0-pl-przedmowa.png\",\"width\":1200,\"height\":630,\"caption\":\"Przedmowa - Przedstawienie Boskiej Zasady\"},{\"@type\":\"BreadcrumbList\",\"@id\":\"https:\/\/principle.study\/pl\/bz\/przedmowa\/#breadcrumb\",\"itemListElement\":[{\"@type\":\"ListItem\",\"position\":1,\"name\":\"\u0413\u043e\u043b\u043e\u0432\u043d\u0430 \u0421\u0442\u043e\u0440\u0456\u043d\u043a\u0430\",\"item\":\"https:\/\/principle.study\/pl\/bz\/\"},{\"@type\":\"ListItem\",\"position\":2,\"name\":\"Przedstawienie Boskiej Zasady\",\"item\":\"https:\/\/principle.study\/pl\/bz\/\"},{\"@type\":\"ListItem\",\"position\":3,\"name\":\"Przedmowa\"}]},{\"@type\":\"WebSite\",\"@id\":\"https:\/\/principle.study\/pl\/#website\",\"url\":\"https:\/\/principle.study\/pl\/\",\"name\":\"%%sitename%%\",\"description\":\"Badanie i praktyka Zasady\",\"publisher\":{\"@id\":\"https:\/\/principle.study\/pl\/#organization\"},\"potentialAction\":[{\"@type\":\"SearchAction\",\"target\":{\"@type\":\"EntryPoint\",\"urlTemplate\":\"https:\/\/principle.study\/pl\/?s={search_term_string}\"},\"query-input\":{\"@type\":\"PropertyValueSpecification\",\"valueRequired\":true,\"valueName\":\"search_term_string\"}}],\"inLanguage\":\"pl-PL\"},{\"@type\":\"Organization\",\"@id\":\"https:\/\/principle.study\/pl\/#organization\",\"name\":\"HP Words\",\"url\":\"https:\/\/principle.study\/pl\/\",\"logo\":{\"@type\":\"ImageObject\",\"inLanguage\":\"pl-PL\",\"@id\":\"https:\/\/principle.study\/pl\/#\/schema\/logo\/image\/\",\"url\":\"https:\/\/principle.study\/wp-content\/uploads\/2022\/01\/hp-words-logo512.png\",\"contentUrl\":\"https:\/\/principle.study\/wp-content\/uploads\/2022\/01\/hp-words-logo512.png\",\"width\":512,\"height\":512,\"caption\":\"HP Words\"},\"image\":{\"@id\":\"https:\/\/principle.study\/pl\/#\/schema\/logo\/image\/\"},\"sameAs\":[\"https:\/\/www.facebook.com\/people\/--\/100071895999577\/\"]},{\"@type\":\"Person\",\"@id\":\"https:\/\/principle.study\/pl\/#\/schema\/person\/75b5214cd4e52851b4f36a4e98610e00\",\"name\":\"jforelander\",\"image\":{\"@type\":\"ImageObject\",\"inLanguage\":\"pl-PL\",\"@id\":\"https:\/\/principle.study\/pl\/#\/schema\/person\/image\/\",\"url\":\"https:\/\/secure.gravatar.com\/avatar\/450fc96bdb2b87efd3ceed7ef5f9420220f522bcf4b951feb01c6b32f0ac44a3?s=96&d=mm&r=g\",\"contentUrl\":\"https:\/\/secure.gravatar.com\/avatar\/450fc96bdb2b87efd3ceed7ef5f9420220f522bcf4b951feb01c6b32f0ac44a3?s=96&d=mm&r=g\",\"caption\":\"jforelander\"}}]}<\/script>\n<!-- \/ Yoast SEO plugin. -->","yoast_head_json":{"title":"Przedmowa - Badanie i praktyka Zasady","robots":{"index":"index","follow":"follow","max-snippet":"max-snippet:-1","max-image-preview":"max-image-preview:large","max-video-preview":"max-video-preview:-1"},"canonical":"https:\/\/principle.study\/pl\/bz\/przedmowa\/","og_locale":"pl_PL","og_type":"article","og_title":"Przedmowa - Badanie i praktyka Zasady","og_description":"Tekst, kt\u00f3ry trzymaj\u0105 Pa\u0144stwo w r\u0119ku, zawiera przekaz Boskiej Zasady, nauczania Wielebnego Sun Myung Moona. Najwcze\u015bniejszy r\u0119kopis Boskiej Zasady zagin\u0105\u0142 w Korei P\u00f3\u0142nocnej w czasie Wojny Korea\u0144skiej. Po przybyciu jako uchod\u017aca do Pusan, Wielebny Moon napisa\u0142 i podyktowa\u0142 manuskrypt zatytu\u0142owany Wolli Wonbon (Pierwotny Tekst Boskiej Zasady). Nast\u0119pnie duchowo prowadzi\u0142 Hyo Won Eu, pierwszego prezydenta Ko\u015bcio\u0142a&hellip;","og_url":"https:\/\/principle.study\/pl\/bz\/przedmowa\/","og_site_name":"Badanie i praktyka Zasady","article_publisher":"https:\/\/www.facebook.com\/people\/--\/100071895999577\/","article_modified_time":"2024-02-02T14:06:23+00:00","og_image":[{"width":1200,"height":630,"url":"https:\/\/principle.study\/wp-content\/uploads\/2024\/02\/0-pl-przedmowa.png","type":"image\/png"}],"twitter_card":"summary_large_image","schema":{"@context":"https:\/\/schema.org","@graph":[{"@type":"ScholarlyArticle","@id":"https:\/\/principle.study\/pl\/bz\/przedmowa\/#article","isPartOf":{"@id":"https:\/\/principle.study\/pl\/bz\/przedmowa\/"},"author":{"name":"jforelander","@id":"https:\/\/principle.study\/pl\/#\/schema\/person\/75b5214cd4e52851b4f36a4e98610e00"},"headline":"Przedmowa","datePublished":"2023-11-28T15:27:12+00:00","dateModified":"2024-02-02T14:06:23+00:00","mainEntityOfPage":{"@id":"https:\/\/principle.study\/pl\/bz\/przedmowa\/"},"wordCount":1012,"publisher":{"@id":"https:\/\/principle.study\/pl\/#organization"},"image":{"@id":"https:\/\/principle.study\/pl\/bz\/przedmowa\/#primaryimage"},"thumbnailUrl":"https:\/\/principle.study\/wp-content\/uploads\/2024\/02\/0-pl-przedmowa.png","inLanguage":"pl-PL"},{"@type":"WebPage","@id":"https:\/\/principle.study\/pl\/bz\/przedmowa\/","url":"https:\/\/principle.study\/pl\/bz\/przedmowa\/","name":"Przedmowa - Badanie i praktyka Zasady","isPartOf":{"@id":"https:\/\/principle.study\/pl\/#website"},"primaryImageOfPage":{"@id":"https:\/\/principle.study\/pl\/bz\/przedmowa\/#primaryimage"},"image":{"@id":"https:\/\/principle.study\/pl\/bz\/przedmowa\/#primaryimage"},"thumbnailUrl":"https:\/\/principle.study\/wp-content\/uploads\/2024\/02\/0-pl-przedmowa.png","datePublished":"2023-11-28T15:27:12+00:00","dateModified":"2024-02-02T14:06:23+00:00","breadcrumb":{"@id":"https:\/\/principle.study\/pl\/bz\/przedmowa\/#breadcrumb"},"inLanguage":"pl-PL","potentialAction":[{"@type":"ReadAction","target":["https:\/\/principle.study\/pl\/bz\/przedmowa\/"]}]},{"@type":"ImageObject","inLanguage":"pl-PL","@id":"https:\/\/principle.study\/pl\/bz\/przedmowa\/#primaryimage","url":"https:\/\/principle.study\/wp-content\/uploads\/2024\/02\/0-pl-przedmowa.png","contentUrl":"https:\/\/principle.study\/wp-content\/uploads\/2024\/02\/0-pl-przedmowa.png","width":1200,"height":630,"caption":"Przedmowa - Przedstawienie Boskiej Zasady"},{"@type":"BreadcrumbList","@id":"https:\/\/principle.study\/pl\/bz\/przedmowa\/#breadcrumb","itemListElement":[{"@type":"ListItem","position":1,"name":"\u0413\u043e\u043b\u043e\u0432\u043d\u0430 \u0421\u0442\u043e\u0440\u0456\u043d\u043a\u0430","item":"https:\/\/principle.study\/pl\/bz\/"},{"@type":"ListItem","position":2,"name":"Przedstawienie Boskiej Zasady","item":"https:\/\/principle.study\/pl\/bz\/"},{"@type":"ListItem","position":3,"name":"Przedmowa"}]},{"@type":"WebSite","@id":"https:\/\/principle.study\/pl\/#website","url":"https:\/\/principle.study\/pl\/","name":"%%sitename%%","description":"Badanie i praktyka Zasady","publisher":{"@id":"https:\/\/principle.study\/pl\/#organization"},"potentialAction":[{"@type":"SearchAction","target":{"@type":"EntryPoint","urlTemplate":"https:\/\/principle.study\/pl\/?s={search_term_string}"},"query-input":{"@type":"PropertyValueSpecification","valueRequired":true,"valueName":"search_term_string"}}],"inLanguage":"pl-PL"},{"@type":"Organization","@id":"https:\/\/principle.study\/pl\/#organization","name":"HP Words","url":"https:\/\/principle.study\/pl\/","logo":{"@type":"ImageObject","inLanguage":"pl-PL","@id":"https:\/\/principle.study\/pl\/#\/schema\/logo\/image\/","url":"https:\/\/principle.study\/wp-content\/uploads\/2022\/01\/hp-words-logo512.png","contentUrl":"https:\/\/principle.study\/wp-content\/uploads\/2022\/01\/hp-words-logo512.png","width":512,"height":512,"caption":"HP Words"},"image":{"@id":"https:\/\/principle.study\/pl\/#\/schema\/logo\/image\/"},"sameAs":["https:\/\/www.facebook.com\/people\/--\/100071895999577\/"]},{"@type":"Person","@id":"https:\/\/principle.study\/pl\/#\/schema\/person\/75b5214cd4e52851b4f36a4e98610e00","name":"jforelander","image":{"@type":"ImageObject","inLanguage":"pl-PL","@id":"https:\/\/principle.study\/pl\/#\/schema\/person\/image\/","url":"https:\/\/secure.gravatar.com\/avatar\/450fc96bdb2b87efd3ceed7ef5f9420220f522bcf4b951feb01c6b32f0ac44a3?s=96&d=mm&r=g","contentUrl":"https:\/\/secure.gravatar.com\/avatar\/450fc96bdb2b87efd3ceed7ef5f9420220f522bcf4b951feb01c6b32f0ac44a3?s=96&d=mm&r=g","caption":"jforelander"}}]}},"_links":{"self":[{"href":"https:\/\/principle.study\/pl\/wp-json\/wp\/v2\/pages\/25354","targetHints":{"allow":["GET"]}}],"collection":[{"href":"https:\/\/principle.study\/pl\/wp-json\/wp\/v2\/pages"}],"about":[{"href":"https:\/\/principle.study\/pl\/wp-json\/wp\/v2\/types\/page"}],"author":[{"embeddable":true,"href":"https:\/\/principle.study\/pl\/wp-json\/wp\/v2\/users\/3"}],"replies":[{"embeddable":true,"href":"https:\/\/principle.study\/pl\/wp-json\/wp\/v2\/comments?post=25354"}],"version-history":[{"count":0,"href":"https:\/\/principle.study\/pl\/wp-json\/wp\/v2\/pages\/25354\/revisions"}],"up":[{"embeddable":true,"href":"https:\/\/principle.study\/pl\/wp-json\/wp\/v2\/pages\/25351"}],"wp:featuredmedia":[{"embeddable":true,"href":"https:\/\/principle.study\/pl\/wp-json\/wp\/v2\/media\/31349"}],"wp:attachment":[{"href":"https:\/\/principle.study\/pl\/wp-json\/wp\/v2\/media?parent=25354"}],"curies":[{"name":"wp","href":"https:\/\/api.w.org\/{rel}","templated":true}]}}